{"id":3539,"date":"2025-09-10T00:59:40","date_gmt":"2025-09-10T00:59:40","guid":{"rendered":"https:\/\/globalmedica.lemachi.de\/?page_id=3539"},"modified":"2025-09-10T01:27:07","modified_gmt":"2025-09-10T01:27:07","slug":"braquiterapia","status":"publish","type":"page","link":"https:\/\/global-medica.com\/en\/specialties\/brachytherapy\/","title":{"rendered":"Brachytherapy"},"content":{"rendered":"<div data-elementor-type=\"wp-page\" data-elementor-id=\"3539\" class=\"elementor elementor-3539\" data-elementor-post-type=\"page\">\n\t\t\t\t<div class=\"elementor-element elementor-element-27f51f7 e-flex e-con-boxed e-con e-parent\" data-id=\"27f51f7\" data-element_type=\"container\" data-e-type=\"container\">\n\t\t\t\t\t<div class=\"e-con-inner\">\n\t\t\t\t<div class=\"elementor-element elementor-element-ff03447 elementor-widget elementor-widget-spacer\" data-id=\"ff03447\" data-element_type=\"widget\" data-e-type=\"widget\" data-widget_type=\"spacer.default\">\n\t\t\t\t<div class=\"elementor-widget-container\">\n\t\t\t\t\t\t\t<div class=\"elementor-spacer\">\n\t\t\t<div class=\"elementor-spacer-inner\"><\/div>\n\t\t<\/div>\n\t\t\t\t\t\t<\/div>\n\t\t\t\t<\/div>\n\t\t\t\t\t<\/div>\n\t\t\t\t<\/div>\n\t\t<div class=\"elementor-element elementor-element-5b28c84 e-flex e-con-boxed elementor-invisible e-con e-parent\" data-id=\"5b28c84\" data-element_type=\"container\" data-e-type=\"container\" data-settings=\"{&quot;animation&quot;:&quot;fadeIn&quot;}\">\n\t\t\t\t\t<div class=\"e-con-inner\">\n\t\t<div class=\"elementor-element elementor-element-cb5119d e-con-full e-flex e-con e-child\" data-id=\"cb5119d\" data-element_type=\"container\" data-e-type=\"container\">\n\t\t\t\t<div class=\"elementor-element elementor-element-4f42e5d elementor-widget elementor-widget-heading\" data-id=\"4f42e5d\" data-element_type=\"widget\" data-e-type=\"widget\" data-widget_type=\"heading.default\">\n\t\t\t\t<div class=\"elementor-widget-container\">\n\t\t\t\t\t<h2 class=\"elementor-heading-title elementor-size-default\">GAMMAMED PLUS IX<\/h2>\t\t\t\t<\/div>\n\t\t\t\t<\/div>\n\t\t\t\t<div class=\"elementor-element elementor-element-7b88cb8 elementor-widget elementor-widget-text-editor\" data-id=\"7b88cb8\" data-element_type=\"widget\" data-e-type=\"widget\" data-widget_type=\"text-editor.default\">\n\t\t\t\t<div class=\"elementor-widget-container\">\n\t\t\t\t\t\t\t\t\tGammaMedplus iX. This team is solid and reliable, is the fifth generation of a long line and successful. Distance from treatment of fixed length, reduces the errors associated with the connection of the applicator to the charger later. You can easily verify the integrity of the connection of the applicator and the treatment duration. It works seamlessly with the system of planning of treatment BrachyVision \u2122 and information system for oncology ARIA\u00ae. Available in version 3 and 24 channels, or start with 3 and then upgrade to 24 channels and extend the usage to all sites of the body with little downtime.\t\t\t\t\t\t\t\t<\/div>\n\t\t\t\t<\/div>\n\t\t<div class=\"elementor-element elementor-element-3ccc1fb e-grid e-con-full e-con e-child\" data-id=\"3ccc1fb\" data-element_type=\"container\" data-e-type=\"container\">\n\t\t\t\t<div class=\"elementor-element elementor-element-78b2ebd elementor-align-justify elementor-widget elementor-widget-button\" data-id=\"78b2ebd\" data-element_type=\"widget\" data-e-type=\"widget\" data-widget_type=\"button.default\">\n\t\t\t\t<div class=\"elementor-widget-container\">\n\t\t\t\t\t\t\t\t\t<div class=\"elementor-button-wrapper\">\n\t\t\t\t\t<a class=\"elementor-button elementor-button-link elementor-size-sm\" href=\"https:\/\/www.varian.com\/es-xl\/products\/brachytherapy\/afterloaders-applicators\/gammamedplus-ix\" target=\"_blank\">\n\t\t\t\t\t\t<span class=\"elementor-button-content-wrapper\">\n\t\t\t\t\t\t\t\t\t<span class=\"elementor-button-text\">Discover more<\/span>\n\t\t\t\t\t<\/span>\n\t\t\t\t\t<\/a>\n\t\t\t\t<\/div>\n\t\t\t\t\t\t\t\t<\/div>\n\t\t\t\t<\/div>\n\t\t\t\t<\/div>\n\t\t\t\t<\/div>\n\t\t<div class=\"elementor-element elementor-element-72fde9e e-con-full e-flex e-con e-child\" data-id=\"72fde9e\" data-element_type=\"container\" data-e-type=\"container\">\n\t\t\t\t<div class=\"elementor-element elementor-element-11fed7a elementor-widget__width-auto elementor-widget elementor-widget-image\" data-id=\"11fed7a\" data-element_type=\"widget\" data-e-type=\"widget\" data-widget_type=\"image.default\">\n\t\t\t\t<div class=\"elementor-widget-container\">\n\t\t\t\t\t\t\t\t\t\t\t\t\t\t\t<img decoding=\"async\" width=\"102\" height=\"20\" src=\"https:\/\/global-medica.com\/wp-content\/uploads\/2025\/09\/Captura-de-Pantalla-2020-08-16-a-las-2.jpg\" class=\"attachment-full size-full wp-image-3542\" alt=\"\" srcset=\"https:\/\/global-medica.com\/wp-content\/uploads\/2025\/09\/Captura-de-Pantalla-2020-08-16-a-las-2.jpg 102w, https:\/\/global-medica.com\/wp-content\/uploads\/2025\/09\/Captura-de-Pantalla-2020-08-16-a-las-2-18x4.jpg 18w, https:\/\/global-medica.com\/wp-content\/uploads\/2025\/09\/Captura-de-Pantalla-2020-08-16-a-las-2-100x20.jpg 100w\" sizes=\"(max-width: 102px) 100vw, 102px\" \/>\t\t\t\t\t\t\t\t\t\t\t\t\t\t\t<\/div>\n\t\t\t\t<\/div>\n\t\t\t\t<div class=\"elementor-element elementor-element-8cc2791 elementor-widget elementor-widget-image\" data-id=\"8cc2791\" data-element_type=\"widget\" data-e-type=\"widget\" data-widget_type=\"image.default\">\n\t\t\t\t<div class=\"elementor-widget-container\">\n\t\t\t\t\t\t\t\t\t\t\t\t\t\t\t<img fetchpriority=\"high\" decoding=\"async\" width=\"376\" height=\"613\" src=\"https:\/\/global-medica.com\/wp-content\/uploads\/2025\/09\/GEM.avif\" class=\"attachment-full size-full wp-image-3563\" alt=\"\" srcset=\"https:\/\/global-medica.com\/wp-content\/uploads\/2025\/09\/GEM.avif 376w, https:\/\/global-medica.com\/wp-content\/uploads\/2025\/09\/GEM-184x300.avif 184w, https:\/\/global-medica.com\/wp-content\/uploads\/2025\/09\/GEM-7x12.avif 7w\" sizes=\"(max-width: 376px) 100vw, 376px\" \/>\t\t\t\t\t\t\t\t\t\t\t\t\t\t\t<\/div>\n\t\t\t\t<\/div>\n\t\t\t\t<\/div>\n\t\t\t\t\t<\/div>\n\t\t\t\t<\/div>\n\t\t<div class=\"elementor-element elementor-element-d53fa82 e-flex e-con-boxed e-con e-parent\" data-id=\"d53fa82\" data-element_type=\"container\" data-e-type=\"container\">\n\t\t\t\t\t<div class=\"e-con-inner\">\n\t\t\t\t<div class=\"elementor-element elementor-element-78e072b elementor-widget elementor-widget-spacer\" data-id=\"78e072b\" data-element_type=\"widget\" data-e-type=\"widget\" data-widget_type=\"spacer.default\">\n\t\t\t\t<div class=\"elementor-widget-container\">\n\t\t\t\t\t\t\t<div class=\"elementor-spacer\">\n\t\t\t<div class=\"elementor-spacer-inner\"><\/div>\n\t\t<\/div>\n\t\t\t\t\t\t<\/div>\n\t\t\t\t<\/div>\n\t\t\t\t\t<\/div>\n\t\t\t\t<\/div>\n\t\t\t\t<\/div>","protected":false},"excerpt":{"rendered":"<p>GAMMAMED PLUS IX GammaMedplus iX. Este equipo s\u00f3lido y confiable es la quinta generaci\u00f3n de una l\u00ednea larga y exitosa. Distancia de tratamiento de longitud fija, reduce los errores asociados con la conexi\u00f3n del aplicador al cargador posterior. Puede verificar f\u00e1cilmente la integridad de la conexi\u00f3n del aplicador y la duraci\u00f3n del tratamiento. Funciona a [&hellip;]<\/p>","protected":false},"author":1,"featured_media":0,"parent":3337,"menu_order":10,"comment_status":"closed","ping_status":"closed","template":"","meta":{"footnotes":""},"class_list":["post-3539","page","type-page","status-publish","hentry"],"yoast_head":"<!-- This site is optimized with the Yoast SEO plugin v25.7 - https:\/\/yoast.com\/wordpress\/plugins\/seo\/ -->\n<title>Braquiterapia - Global Medica<\/title>\n<meta name=\"robots\" content=\"index, follow, max-snippet:-1, max-image-preview:large, max-video-preview:-1\" \/>\n<link rel=\"canonical\" href=\"https:\/\/global-medica.com\/en\/especialidades\/braquiterapia\/\" \/>\n<meta property=\"og:locale\" content=\"en_US\" \/>\n<meta property=\"og:type\" content=\"article\" \/>\n<meta property=\"og:title\" content=\"Braquiterapia - Global Medica\" \/>\n<meta property=\"og:description\" content=\"GAMMAMED PLUS IX GammaMedplus iX. Este equipo s\u00f3lido y confiable es la quinta generaci\u00f3n de una l\u00ednea larga y exitosa. Distancia de tratamiento de longitud fija, reduce los errores asociados con la conexi\u00f3n del aplicador al cargador posterior. Puede verificar f\u00e1cilmente la integridad de la conexi\u00f3n del aplicador y la duraci\u00f3n del tratamiento. Funciona a [&hellip;]\" \/>\n<meta property=\"og:url\" content=\"https:\/\/global-medica.com\/en\/especialidades\/braquiterapia\/\" \/>\n<meta property=\"og:site_name\" content=\"Global Medica\" \/>\n<meta property=\"article:publisher\" content=\"https:\/\/www.facebook.com\/gmglobalmedica\" \/>\n<meta property=\"article:modified_time\" content=\"2025-09-10T01:27:07+00:00\" \/>\n<meta property=\"og:image\" content=\"https:\/\/global-medica.com\/wp-content\/uploads\/2025\/09\/Captura-de-Pantalla-2020-08-16-a-las-2.jpg\" \/>\n\t<meta property=\"og:image:width\" content=\"102\" \/>\n\t<meta property=\"og:image:height\" content=\"20\" \/>\n\t<meta property=\"og:image:type\" content=\"image\/jpeg\" \/>\n<meta name=\"twitter:card\" content=\"summary_large_image\" \/>\n<meta name=\"twitter:label1\" content=\"Est. reading time\" \/>\n\t<meta name=\"twitter:data1\" content=\"1 minute\" \/>\n<script type=\"application\/ld+json\" class=\"yoast-schema-graph\">{\"@context\":\"https:\/\/schema.org\",\"@graph\":[{\"@type\":\"WebPage\",\"@id\":\"https:\/\/global-medica.com\/especialidades\/braquiterapia\/\",\"url\":\"https:\/\/global-medica.com\/especialidades\/braquiterapia\/\",\"name\":\"Braquiterapia - Global Medica\",\"isPartOf\":{\"@id\":\"https:\/\/global-medica.com\/#website\"},\"primaryImageOfPage\":{\"@id\":\"https:\/\/global-medica.com\/especialidades\/braquiterapia\/#primaryimage\"},\"image\":{\"@id\":\"https:\/\/global-medica.com\/especialidades\/braquiterapia\/#primaryimage\"},\"thumbnailUrl\":\"https:\/\/global-medica.com\/wp-content\/uploads\/2025\/09\/Captura-de-Pantalla-2020-08-16-a-las-2.jpg\",\"datePublished\":\"2025-09-10T00:59:40+00:00\",\"dateModified\":\"2025-09-10T01:27:07+00:00\",\"breadcrumb\":{\"@id\":\"https:\/\/global-medica.com\/especialidades\/braquiterapia\/#breadcrumb\"},\"inLanguage\":\"en-US\",\"potentialAction\":[{\"@type\":\"ReadAction\",\"target\":[\"https:\/\/global-medica.com\/especialidades\/braquiterapia\/\"]}]},{\"@type\":\"ImageObject\",\"inLanguage\":\"en-US\",\"@id\":\"https:\/\/global-medica.com\/especialidades\/braquiterapia\/#primaryimage\",\"url\":\"https:\/\/global-medica.com\/wp-content\/uploads\/2025\/09\/Captura-de-Pantalla-2020-08-16-a-las-2.jpg\",\"contentUrl\":\"https:\/\/global-medica.com\/wp-content\/uploads\/2025\/09\/Captura-de-Pantalla-2020-08-16-a-las-2.jpg\"},{\"@type\":\"BreadcrumbList\",\"@id\":\"https:\/\/global-medica.com\/especialidades\/braquiterapia\/#breadcrumb\",\"itemListElement\":[{\"@type\":\"ListItem\",\"position\":1,\"name\":\"Home\",\"item\":\"https:\/\/global-medica.com\/\"},{\"@type\":\"ListItem\",\"position\":2,\"name\":\"Especialidades\",\"item\":\"https:\/\/global-medica.com\/especialidades\/\"},{\"@type\":\"ListItem\",\"position\":3,\"name\":\"Braquiterapia\"}]},{\"@type\":\"WebSite\",\"@id\":\"https:\/\/global-medica.com\/#website\",\"url\":\"https:\/\/global-medica.com\/\",\"name\":\"Global Medica\",\"description\":\"Global Medica\",\"publisher\":{\"@id\":\"https:\/\/global-medica.com\/#organization\"},\"potentialAction\":[{\"@type\":\"SearchAction\",\"target\":{\"@type\":\"EntryPoint\",\"urlTemplate\":\"https:\/\/global-medica.com\/?s={search_term_string}\"},\"query-input\":{\"@type\":\"PropertyValueSpecification\",\"valueRequired\":true,\"valueName\":\"search_term_string\"}}],\"inLanguage\":\"en-US\"},{\"@type\":\"Organization\",\"@id\":\"https:\/\/global-medica.com\/#organization\",\"name\":\"Global Medica\",\"url\":\"https:\/\/global-medica.com\/\",\"logo\":{\"@type\":\"ImageObject\",\"inLanguage\":\"en-US\",\"@id\":\"https:\/\/global-medica.com\/#\/schema\/logo\/image\/\",\"url\":\"https:\/\/global-medica.com\/wp-content\/uploads\/2024\/04\/global-logo.png\",\"contentUrl\":\"https:\/\/global-medica.com\/wp-content\/uploads\/2024\/04\/global-logo.png\",\"width\":312,\"height\":84,\"caption\":\"Global Medica\"},\"image\":{\"@id\":\"https:\/\/global-medica.com\/#\/schema\/logo\/image\/\"},\"sameAs\":[\"https:\/\/www.facebook.com\/gmglobalmedica\",\"https:\/\/www.instagram.com\/globalmedica\/\",\"https:\/\/www.linkedin.com\/company\/67924728\",\"https:\/\/www.youtube.com\/channel\/UCWT2KUVVms56vwB0N9r8qKQ\/\"]}]}<\/script>\n<!-- \/ Yoast SEO plugin. -->","yoast_head_json":{"title":"Braquiterapia - Global Medica","robots":{"index":"index","follow":"follow","max-snippet":"max-snippet:-1","max-image-preview":"max-image-preview:large","max-video-preview":"max-video-preview:-1"},"canonical":"https:\/\/global-medica.com\/en\/especialidades\/braquiterapia\/","og_locale":"en_US","og_type":"article","og_title":"Braquiterapia - Global Medica","og_description":"GAMMAMED PLUS IX GammaMedplus iX. Este equipo s\u00f3lido y confiable es la quinta generaci\u00f3n de una l\u00ednea larga y exitosa. Distancia de tratamiento de longitud fija, reduce los errores asociados con la conexi\u00f3n del aplicador al cargador posterior. Puede verificar f\u00e1cilmente la integridad de la conexi\u00f3n del aplicador y la duraci\u00f3n del tratamiento. Funciona a [&hellip;]","og_url":"https:\/\/global-medica.com\/en\/especialidades\/braquiterapia\/","og_site_name":"Global Medica","article_publisher":"https:\/\/www.facebook.com\/gmglobalmedica","article_modified_time":"2025-09-10T01:27:07+00:00","og_image":[{"width":102,"height":20,"url":"https:\/\/global-medica.com\/wp-content\/uploads\/2025\/09\/Captura-de-Pantalla-2020-08-16-a-las-2.jpg","type":"image\/jpeg"}],"twitter_card":"summary_large_image","twitter_misc":{"Est. reading time":"1 minute"},"schema":{"@context":"https:\/\/schema.org","@graph":[{"@type":"WebPage","@id":"https:\/\/global-medica.com\/especialidades\/braquiterapia\/","url":"https:\/\/global-medica.com\/especialidades\/braquiterapia\/","name":"Braquiterapia - Global Medica","isPartOf":{"@id":"https:\/\/global-medica.com\/#website"},"primaryImageOfPage":{"@id":"https:\/\/global-medica.com\/especialidades\/braquiterapia\/#primaryimage"},"image":{"@id":"https:\/\/global-medica.com\/especialidades\/braquiterapia\/#primaryimage"},"thumbnailUrl":"https:\/\/global-medica.com\/wp-content\/uploads\/2025\/09\/Captura-de-Pantalla-2020-08-16-a-las-2.jpg","datePublished":"2025-09-10T00:59:40+00:00","dateModified":"2025-09-10T01:27:07+00:00","breadcrumb":{"@id":"https:\/\/global-medica.com\/especialidades\/braquiterapia\/#breadcrumb"},"inLanguage":"en-US","potentialAction":[{"@type":"ReadAction","target":["https:\/\/global-medica.com\/especialidades\/braquiterapia\/"]}]},{"@type":"ImageObject","inLanguage":"en-US","@id":"https:\/\/global-medica.com\/especialidades\/braquiterapia\/#primaryimage","url":"https:\/\/global-medica.com\/wp-content\/uploads\/2025\/09\/Captura-de-Pantalla-2020-08-16-a-las-2.jpg","contentUrl":"https:\/\/global-medica.com\/wp-content\/uploads\/2025\/09\/Captura-de-Pantalla-2020-08-16-a-las-2.jpg"},{"@type":"BreadcrumbList","@id":"https:\/\/global-medica.com\/especialidades\/braquiterapia\/#breadcrumb","itemListElement":[{"@type":"ListItem","position":1,"name":"Home","item":"https:\/\/global-medica.com\/"},{"@type":"ListItem","position":2,"name":"Especialidades","item":"https:\/\/global-medica.com\/especialidades\/"},{"@type":"ListItem","position":3,"name":"Braquiterapia"}]},{"@type":"WebSite","@id":"https:\/\/global-medica.com\/#website","url":"https:\/\/global-medica.com\/","name":"Global Medica","description":"Global Medica","publisher":{"@id":"https:\/\/global-medica.com\/#organization"},"potentialAction":[{"@type":"SearchAction","target":{"@type":"EntryPoint","urlTemplate":"https:\/\/global-medica.com\/?s={search_term_string}"},"query-input":{"@type":"PropertyValueSpecification","valueRequired":true,"valueName":"search_term_string"}}],"inLanguage":"en-US"},{"@type":"Organization","@id":"https:\/\/global-medica.com\/#organization","name":"Global Medica","url":"https:\/\/global-medica.com\/","logo":{"@type":"ImageObject","inLanguage":"en-US","@id":"https:\/\/global-medica.com\/#\/schema\/logo\/image\/","url":"https:\/\/global-medica.com\/wp-content\/uploads\/2024\/04\/global-logo.png","contentUrl":"https:\/\/global-medica.com\/wp-content\/uploads\/2024\/04\/global-logo.png","width":312,"height":84,"caption":"Global Medica"},"image":{"@id":"https:\/\/global-medica.com\/#\/schema\/logo\/image\/"},"sameAs":["https:\/\/www.facebook.com\/gmglobalmedica","https:\/\/www.instagram.com\/globalmedica\/","https:\/\/www.linkedin.com\/company\/67924728","https:\/\/www.youtube.com\/channel\/UCWT2KUVVms56vwB0N9r8qKQ\/"]}]}},"_links":{"self":[{"href":"https:\/\/global-medica.com\/en\/wp-json\/wp\/v2\/pages\/3539","targetHints":{"allow":["GET"]}}],"collection":[{"href":"https:\/\/global-medica.com\/en\/wp-json\/wp\/v2\/pages"}],"about":[{"href":"https:\/\/global-medica.com\/en\/wp-json\/wp\/v2\/types\/page"}],"author":[{"embeddable":true,"href":"https:\/\/global-medica.com\/en\/wp-json\/wp\/v2\/users\/1"}],"replies":[{"embeddable":true,"href":"https:\/\/global-medica.com\/en\/wp-json\/wp\/v2\/comments?post=3539"}],"version-history":[{"count":0,"href":"https:\/\/global-medica.com\/en\/wp-json\/wp\/v2\/pages\/3539\/revisions"}],"up":[{"embeddable":true,"href":"https:\/\/global-medica.com\/en\/wp-json\/wp\/v2\/pages\/3337"}],"wp:attachment":[{"href":"https:\/\/global-medica.com\/en\/wp-json\/wp\/v2\/media?parent=3539"}],"curies":[{"name":"wp","href":"https:\/\/api.w.org\/{rel}","templated":true}]}}