{"id":3537,"date":"2025-09-10T00:58:54","date_gmt":"2025-09-10T00:58:54","guid":{"rendered":"https:\/\/globalmedica.lemachi.de\/?page_id=3537"},"modified":"2025-09-10T01:34:13","modified_gmt":"2025-09-10T01:34:13","slug":"aceleradores-lineales","status":"publish","type":"page","link":"https:\/\/global-medica.com\/en\/specialties\/linear-accelerators\/","title":{"rendered":"Linear Accelerators"},"content":{"rendered":"<div data-elementor-type=\"wp-page\" data-elementor-id=\"3537\" class=\"elementor elementor-3537\" data-elementor-post-type=\"page\">\n\t\t\t\t<div class=\"elementor-element elementor-element-1251a6e e-flex e-con-boxed e-con e-parent\" data-id=\"1251a6e\" data-element_type=\"container\" data-e-type=\"container\">\n\t\t\t\t\t<div class=\"e-con-inner\">\n\t\t\t\t<div class=\"elementor-element elementor-element-ec290bb elementor-widget elementor-widget-spacer\" data-id=\"ec290bb\" data-element_type=\"widget\" data-e-type=\"widget\" data-widget_type=\"spacer.default\">\n\t\t\t\t<div class=\"elementor-widget-container\">\n\t\t\t\t\t\t\t<div class=\"elementor-spacer\">\n\t\t\t<div class=\"elementor-spacer-inner\"><\/div>\n\t\t<\/div>\n\t\t\t\t\t\t<\/div>\n\t\t\t\t<\/div>\n\t\t\t\t\t<\/div>\n\t\t\t\t<\/div>\n\t\t<div class=\"elementor-element elementor-element-4d140c3 e-flex e-con-boxed elementor-invisible e-con e-parent\" data-id=\"4d140c3\" data-element_type=\"container\" data-e-type=\"container\" data-settings=\"{&quot;animation&quot;:&quot;fadeIn&quot;}\">\n\t\t\t\t\t<div class=\"e-con-inner\">\n\t\t<div class=\"elementor-element elementor-element-875c461 e-con-full e-flex e-con e-child\" data-id=\"875c461\" data-element_type=\"container\" data-e-type=\"container\">\n\t\t\t\t<div class=\"elementor-element elementor-element-206b47d elementor-widget elementor-widget-heading\" data-id=\"206b47d\" data-element_type=\"widget\" data-e-type=\"widget\" data-widget_type=\"heading.default\">\n\t\t\t\t<div class=\"elementor-widget-container\">\n\t\t\t\t\t<h2 class=\"elementor-heading-title elementor-size-default\">HALCYON<\/h2>\t\t\t\t<\/div>\n\t\t\t\t<\/div>\n\t\t\t\t<div class=\"elementor-element elementor-element-50a3188 elementor-widget elementor-widget-text-editor\" data-id=\"50a3188\" data-element_type=\"widget\" data-e-type=\"widget\" data-widget_type=\"text-editor.default\">\n\t\t\t\t<div class=\"elementor-widget-container\">\n\t\t\t\t\t\t\t\t\tThe system Halcyon provides fast treatments and of high quality that you want, and the comfort and convenience that their patients need, to win the battle against cancer. Designed to simplify and improve virtually all aspects of IMRT, volumetric image-guided. The unique design of MLC allows for a high modulation with low leakage for each field or arc. The speed of the portico of 4 RPM, the supply RapidArc to 2 RPM and the rapid movement of MLC allow quality treatments at an unprecedented speed. Standardized workflows are easy to master so that doctors can spend more time with patients. The system quiet with smooth movement and easy access keeps patients relaxed and focused. Get pictures and try in only nine steps, and stay focused on their patients.\t\t\t\t\t\t\t\t<\/div>\n\t\t\t\t<\/div>\n\t\t<div class=\"elementor-element elementor-element-2630b80 e-grid e-con-full e-con e-child\" data-id=\"2630b80\" data-element_type=\"container\" data-e-type=\"container\">\n\t\t\t\t<div class=\"elementor-element elementor-element-3e81ae0 elementor-align-justify elementor-widget elementor-widget-button\" data-id=\"3e81ae0\" data-element_type=\"widget\" data-e-type=\"widget\" data-widget_type=\"button.default\">\n\t\t\t\t<div class=\"elementor-widget-container\">\n\t\t\t\t\t\t\t\t\t<div class=\"elementor-button-wrapper\">\n\t\t\t\t\t<a class=\"elementor-button elementor-button-link elementor-size-sm\" href=\"https:\/\/www.varian.com\/es\/products\/radiotherapy\/treatment-delivery\/halcyon\" target=\"_blank\">\n\t\t\t\t\t\t<span class=\"elementor-button-content-wrapper\">\n\t\t\t\t\t\t\t\t\t<span class=\"elementor-button-text\">Discover more<\/span>\n\t\t\t\t\t<\/span>\n\t\t\t\t\t<\/a>\n\t\t\t\t<\/div>\n\t\t\t\t\t\t\t\t<\/div>\n\t\t\t\t<\/div>\n\t\t\t\t<\/div>\n\t\t\t\t<\/div>\n\t\t<div class=\"elementor-element elementor-element-175d0b0 e-con-full e-flex e-con e-child\" data-id=\"175d0b0\" data-element_type=\"container\" data-e-type=\"container\">\n\t\t\t\t<div class=\"elementor-element elementor-element-d848ffc elementor-widget__width-auto elementor-widget elementor-widget-image\" data-id=\"d848ffc\" data-element_type=\"widget\" data-e-type=\"widget\" data-widget_type=\"image.default\">\n\t\t\t\t<div class=\"elementor-widget-container\">\n\t\t\t\t\t\t\t\t\t\t\t\t\t\t\t<img decoding=\"async\" width=\"102\" height=\"20\" src=\"https:\/\/global-medica.com\/wp-content\/uploads\/2025\/09\/Captura-de-Pantalla-2020-08-16-a-las-2.jpg\" class=\"attachment-full size-full wp-image-3542\" alt=\"\" srcset=\"https:\/\/global-medica.com\/wp-content\/uploads\/2025\/09\/Captura-de-Pantalla-2020-08-16-a-las-2.jpg 102w, https:\/\/global-medica.com\/wp-content\/uploads\/2025\/09\/Captura-de-Pantalla-2020-08-16-a-las-2-18x4.jpg 18w, https:\/\/global-medica.com\/wp-content\/uploads\/2025\/09\/Captura-de-Pantalla-2020-08-16-a-las-2-100x20.jpg 100w\" sizes=\"(max-width: 102px) 100vw, 102px\" \/>\t\t\t\t\t\t\t\t\t\t\t\t\t\t\t<\/div>\n\t\t\t\t<\/div>\n\t\t\t\t<div class=\"elementor-element elementor-element-3cb8249 elementor-widget elementor-widget-image\" data-id=\"3cb8249\" data-element_type=\"widget\" data-e-type=\"widget\" data-widget_type=\"image.default\">\n\t\t\t\t<div class=\"elementor-widget-container\">\n\t\t\t\t\t\t\t\t\t\t\t\t\t\t\t<img fetchpriority=\"high\" decoding=\"async\" width=\"656\" height=\"410\" src=\"https:\/\/global-medica.com\/wp-content\/uploads\/2025\/09\/ONC.avif\" class=\"attachment-full size-full wp-image-3543\" alt=\"\" srcset=\"https:\/\/global-medica.com\/wp-content\/uploads\/2025\/09\/ONC.avif 656w, https:\/\/global-medica.com\/wp-content\/uploads\/2025\/09\/ONC-300x188.avif 300w, https:\/\/global-medica.com\/wp-content\/uploads\/2025\/09\/ONC-18x12.avif 18w, https:\/\/global-medica.com\/wp-content\/uploads\/2025\/09\/ONC-600x375.avif 600w\" sizes=\"(max-width: 656px) 100vw, 656px\" \/>\t\t\t\t\t\t\t\t\t\t\t\t\t\t\t<\/div>\n\t\t\t\t<\/div>\n\t\t\t\t<\/div>\n\t\t\t\t\t<\/div>\n\t\t\t\t<\/div>\n\t\t<div class=\"elementor-element elementor-element-efa2371 e-flex e-con-boxed elementor-invisible e-con e-parent\" data-id=\"efa2371\" data-element_type=\"container\" data-e-type=\"container\" data-settings=\"{&quot;animation&quot;:&quot;fadeIn&quot;}\">\n\t\t\t\t\t<div class=\"e-con-inner\">\n\t\t<div class=\"elementor-element elementor-element-123713d e-con-full e-flex e-con e-child\" data-id=\"123713d\" data-element_type=\"container\" data-e-type=\"container\">\n\t\t\t\t<div class=\"elementor-element elementor-element-b9f9d7a elementor-widget elementor-widget-heading\" data-id=\"b9f9d7a\" data-element_type=\"widget\" data-e-type=\"widget\" data-widget_type=\"heading.default\">\n\t\t\t\t<div class=\"elementor-widget-container\">\n\t\t\t\t\t<h2 class=\"elementor-heading-title elementor-size-default\">TRUEBEAM<\/h2>\t\t\t\t<\/div>\n\t\t\t\t<\/div>\n\t\t\t\t<div class=\"elementor-element elementor-element-8ce2b92 elementor-widget elementor-widget-text-editor\" data-id=\"8ce2b92\" data-element_type=\"widget\" data-e-type=\"widget\" data-widget_type=\"text-editor.default\">\n\t\t\t\t<div class=\"elementor-widget-container\">\n\t\t\t\t\t\t\t\t\tAdminister precise doses quickly and return patients to their time: the radiation therapy system TrueBeam\u00ae is built taking into account the human needs. Designed to treat cancer in any part of the body, is flexible enough to meet their clinical needs as well. Provides a variety of treatment techniques as HyperArc and RapidArc to address a broad range of cancer cases. X-rays MV \/ kV synchronized with the breath, CBCT 4D CBCT iterative, images, chips and more. The accuracy submillimeter guarantees the conformity of the delivery. Our control system synchronous Master patented allows for a perfect functioning of the system. Functions of patient safety built-in that allow doctors to navigate the complexities of cancer care with confidence.\t\t\t\t\t\t\t\t<\/div>\n\t\t\t\t<\/div>\n\t\t<div class=\"elementor-element elementor-element-2415c8f e-grid e-con-full e-con e-child\" data-id=\"2415c8f\" data-element_type=\"container\" data-e-type=\"container\">\n\t\t\t\t<div class=\"elementor-element elementor-element-2721e1d elementor-align-justify elementor-widget elementor-widget-button\" data-id=\"2721e1d\" data-element_type=\"widget\" data-e-type=\"widget\" data-widget_type=\"button.default\">\n\t\t\t\t<div class=\"elementor-widget-container\">\n\t\t\t\t\t\t\t\t\t<div class=\"elementor-button-wrapper\">\n\t\t\t\t\t<a class=\"elementor-button elementor-button-link elementor-size-sm\" href=\"https:\/\/www.varian.com\/es\/products\/radiotherapy\/treatment-delivery\/truebeam\" target=\"_blank\">\n\t\t\t\t\t\t<span class=\"elementor-button-content-wrapper\">\n\t\t\t\t\t\t\t\t\t<span class=\"elementor-button-text\">Discover more<\/span>\n\t\t\t\t\t<\/span>\n\t\t\t\t\t<\/a>\n\t\t\t\t<\/div>\n\t\t\t\t\t\t\t\t<\/div>\n\t\t\t\t<\/div>\n\t\t\t\t<\/div>\n\t\t\t\t<\/div>\n\t\t<div class=\"elementor-element elementor-element-75c405c e-con-full e-flex e-con e-child\" data-id=\"75c405c\" data-element_type=\"container\" data-e-type=\"container\">\n\t\t\t\t<div class=\"elementor-element elementor-element-5fb9659 elementor-widget__width-auto elementor-widget elementor-widget-image\" data-id=\"5fb9659\" data-element_type=\"widget\" data-e-type=\"widget\" data-widget_type=\"image.default\">\n\t\t\t\t<div class=\"elementor-widget-container\">\n\t\t\t\t\t\t\t\t\t\t\t\t\t\t\t<img decoding=\"async\" width=\"102\" height=\"20\" src=\"https:\/\/global-medica.com\/wp-content\/uploads\/2025\/09\/Captura-de-Pantalla-2020-08-16-a-las-2.jpg\" class=\"attachment-full size-full wp-image-3542\" alt=\"\" srcset=\"https:\/\/global-medica.com\/wp-content\/uploads\/2025\/09\/Captura-de-Pantalla-2020-08-16-a-las-2.jpg 102w, https:\/\/global-medica.com\/wp-content\/uploads\/2025\/09\/Captura-de-Pantalla-2020-08-16-a-las-2-18x4.jpg 18w, https:\/\/global-medica.com\/wp-content\/uploads\/2025\/09\/Captura-de-Pantalla-2020-08-16-a-las-2-100x20.jpg 100w\" sizes=\"(max-width: 102px) 100vw, 102px\" \/>\t\t\t\t\t\t\t\t\t\t\t\t\t\t\t<\/div>\n\t\t\t\t<\/div>\n\t\t\t\t<div class=\"elementor-element elementor-element-4a9b08d elementor-widget elementor-widget-image\" data-id=\"4a9b08d\" data-element_type=\"widget\" data-e-type=\"widget\" data-widget_type=\"image.default\">\n\t\t\t\t<div class=\"elementor-widget-container\">\n\t\t\t\t\t\t\t\t\t\t\t\t\t\t\t<img decoding=\"async\" width=\"594\" height=\"543\" src=\"https:\/\/global-medica.com\/wp-content\/uploads\/2025\/09\/ONC2.avif\" class=\"attachment-full size-full wp-image-3544\" alt=\"\" srcset=\"https:\/\/global-medica.com\/wp-content\/uploads\/2025\/09\/ONC2.avif 594w, https:\/\/global-medica.com\/wp-content\/uploads\/2025\/09\/ONC2-300x274.avif 300w, https:\/\/global-medica.com\/wp-content\/uploads\/2025\/09\/ONC2-13x12.avif 13w\" sizes=\"(max-width: 594px) 100vw, 594px\" \/>\t\t\t\t\t\t\t\t\t\t\t\t\t\t\t<\/div>\n\t\t\t\t<\/div>\n\t\t\t\t<\/div>\n\t\t\t\t\t<\/div>\n\t\t\t\t<\/div>\n\t\t<div class=\"elementor-element elementor-element-bee78ad e-flex e-con-boxed e-con e-parent\" data-id=\"bee78ad\" data-element_type=\"container\" data-e-type=\"container\">\n\t\t\t\t\t<div class=\"e-con-inner\">\n\t\t\t\t<div class=\"elementor-element elementor-element-728e684 elementor-widget elementor-widget-spacer\" data-id=\"728e684\" data-element_type=\"widget\" data-e-type=\"widget\" data-widget_type=\"spacer.default\">\n\t\t\t\t<div class=\"elementor-widget-container\">\n\t\t\t\t\t\t\t<div class=\"elementor-spacer\">\n\t\t\t<div class=\"elementor-spacer-inner\"><\/div>\n\t\t<\/div>\n\t\t\t\t\t\t<\/div>\n\t\t\t\t<\/div>\n\t\t\t\t\t<\/div>\n\t\t\t\t<\/div>\n\t\t\t\t<\/div>","protected":false},"excerpt":{"rendered":"<p>HALCYON El sistema Halcyon le brinda los tratamientos r\u00e1pidos y de alta calidad que desea, y la comodidad y conveniencia que sus pacientes necesitan, para ganar la batalla contra el c\u00e1ncer. Dise\u00f1ado para simplificar y mejorar pr\u00e1cticamente todos los aspectos de la IMRT volum\u00e9trica guiada por im\u00e1genes. El dise\u00f1o \u00fanico de MLC permite una alta [&hellip;]<\/p>","protected":false},"author":1,"featured_media":0,"parent":3337,"menu_order":10,"comment_status":"closed","ping_status":"closed","template":"","meta":{"footnotes":""},"class_list":["post-3537","page","type-page","status-publish","hentry"],"yoast_head":"<!-- This site is optimized with the Yoast SEO plugin v25.7 - https:\/\/yoast.com\/wordpress\/plugins\/seo\/ -->\n<title>Aceleradores Lineales - Global Medica<\/title>\n<meta name=\"robots\" content=\"index, follow, max-snippet:-1, max-image-preview:large, max-video-preview:-1\" \/>\n<link rel=\"canonical\" href=\"https:\/\/global-medica.com\/en\/especialidades\/aceleradores-lineales\/\" \/>\n<meta property=\"og:locale\" content=\"en_US\" \/>\n<meta property=\"og:type\" content=\"article\" \/>\n<meta property=\"og:title\" content=\"Aceleradores Lineales - Global Medica\" \/>\n<meta property=\"og:description\" content=\"HALCYON El sistema Halcyon le brinda los tratamientos r\u00e1pidos y de alta calidad que desea, y la comodidad y conveniencia que sus pacientes necesitan, para ganar la batalla contra el c\u00e1ncer. Dise\u00f1ado para simplificar y mejorar pr\u00e1cticamente todos los aspectos de la IMRT volum\u00e9trica guiada por im\u00e1genes. El dise\u00f1o \u00fanico de MLC permite una alta [&hellip;]\" \/>\n<meta property=\"og:url\" content=\"https:\/\/global-medica.com\/en\/especialidades\/aceleradores-lineales\/\" \/>\n<meta property=\"og:site_name\" content=\"Global Medica\" \/>\n<meta property=\"article:publisher\" content=\"https:\/\/www.facebook.com\/gmglobalmedica\" \/>\n<meta property=\"article:modified_time\" content=\"2025-09-10T01:34:13+00:00\" \/>\n<meta property=\"og:image\" content=\"https:\/\/global-medica.com\/wp-content\/uploads\/2025\/09\/Captura-de-Pantalla-2020-08-16-a-las-2.jpg\" \/>\n\t<meta property=\"og:image:width\" content=\"102\" \/>\n\t<meta property=\"og:image:height\" content=\"20\" \/>\n\t<meta property=\"og:image:type\" content=\"image\/jpeg\" \/>\n<meta name=\"twitter:card\" content=\"summary_large_image\" \/>\n<meta name=\"twitter:label1\" content=\"Est. reading time\" \/>\n\t<meta name=\"twitter:data1\" content=\"2 minutes\" \/>\n<script type=\"application\/ld+json\" class=\"yoast-schema-graph\">{\"@context\":\"https:\/\/schema.org\",\"@graph\":[{\"@type\":\"WebPage\",\"@id\":\"https:\/\/global-medica.com\/especialidades\/aceleradores-lineales\/\",\"url\":\"https:\/\/global-medica.com\/especialidades\/aceleradores-lineales\/\",\"name\":\"Aceleradores Lineales - Global Medica\",\"isPartOf\":{\"@id\":\"https:\/\/global-medica.com\/#website\"},\"primaryImageOfPage\":{\"@id\":\"https:\/\/global-medica.com\/especialidades\/aceleradores-lineales\/#primaryimage\"},\"image\":{\"@id\":\"https:\/\/global-medica.com\/especialidades\/aceleradores-lineales\/#primaryimage\"},\"thumbnailUrl\":\"https:\/\/global-medica.com\/wp-content\/uploads\/2025\/09\/Captura-de-Pantalla-2020-08-16-a-las-2.jpg\",\"datePublished\":\"2025-09-10T00:58:54+00:00\",\"dateModified\":\"2025-09-10T01:34:13+00:00\",\"breadcrumb\":{\"@id\":\"https:\/\/global-medica.com\/especialidades\/aceleradores-lineales\/#breadcrumb\"},\"inLanguage\":\"en-US\",\"potentialAction\":[{\"@type\":\"ReadAction\",\"target\":[\"https:\/\/global-medica.com\/especialidades\/aceleradores-lineales\/\"]}]},{\"@type\":\"ImageObject\",\"inLanguage\":\"en-US\",\"@id\":\"https:\/\/global-medica.com\/especialidades\/aceleradores-lineales\/#primaryimage\",\"url\":\"https:\/\/global-medica.com\/wp-content\/uploads\/2025\/09\/Captura-de-Pantalla-2020-08-16-a-las-2.jpg\",\"contentUrl\":\"https:\/\/global-medica.com\/wp-content\/uploads\/2025\/09\/Captura-de-Pantalla-2020-08-16-a-las-2.jpg\"},{\"@type\":\"BreadcrumbList\",\"@id\":\"https:\/\/global-medica.com\/especialidades\/aceleradores-lineales\/#breadcrumb\",\"itemListElement\":[{\"@type\":\"ListItem\",\"position\":1,\"name\":\"Home\",\"item\":\"https:\/\/global-medica.com\/\"},{\"@type\":\"ListItem\",\"position\":2,\"name\":\"Especialidades\",\"item\":\"https:\/\/global-medica.com\/especialidades\/\"},{\"@type\":\"ListItem\",\"position\":3,\"name\":\"Aceleradores Lineales\"}]},{\"@type\":\"WebSite\",\"@id\":\"https:\/\/global-medica.com\/#website\",\"url\":\"https:\/\/global-medica.com\/\",\"name\":\"Global Medica\",\"description\":\"Global Medica\",\"publisher\":{\"@id\":\"https:\/\/global-medica.com\/#organization\"},\"potentialAction\":[{\"@type\":\"SearchAction\",\"target\":{\"@type\":\"EntryPoint\",\"urlTemplate\":\"https:\/\/global-medica.com\/?s={search_term_string}\"},\"query-input\":{\"@type\":\"PropertyValueSpecification\",\"valueRequired\":true,\"valueName\":\"search_term_string\"}}],\"inLanguage\":\"en-US\"},{\"@type\":\"Organization\",\"@id\":\"https:\/\/global-medica.com\/#organization\",\"name\":\"Global Medica\",\"url\":\"https:\/\/global-medica.com\/\",\"logo\":{\"@type\":\"ImageObject\",\"inLanguage\":\"en-US\",\"@id\":\"https:\/\/global-medica.com\/#\/schema\/logo\/image\/\",\"url\":\"https:\/\/global-medica.com\/wp-content\/uploads\/2024\/04\/global-logo.png\",\"contentUrl\":\"https:\/\/global-medica.com\/wp-content\/uploads\/2024\/04\/global-logo.png\",\"width\":312,\"height\":84,\"caption\":\"Global Medica\"},\"image\":{\"@id\":\"https:\/\/global-medica.com\/#\/schema\/logo\/image\/\"},\"sameAs\":[\"https:\/\/www.facebook.com\/gmglobalmedica\",\"https:\/\/www.instagram.com\/globalmedica\/\",\"https:\/\/www.linkedin.com\/company\/67924728\",\"https:\/\/www.youtube.com\/channel\/UCWT2KUVVms56vwB0N9r8qKQ\/\"]}]}<\/script>\n<!-- \/ Yoast SEO plugin. -->","yoast_head_json":{"title":"Aceleradores Lineales - Global Medica","robots":{"index":"index","follow":"follow","max-snippet":"max-snippet:-1","max-image-preview":"max-image-preview:large","max-video-preview":"max-video-preview:-1"},"canonical":"https:\/\/global-medica.com\/en\/especialidades\/aceleradores-lineales\/","og_locale":"en_US","og_type":"article","og_title":"Aceleradores Lineales - Global Medica","og_description":"HALCYON El sistema Halcyon le brinda los tratamientos r\u00e1pidos y de alta calidad que desea, y la comodidad y conveniencia que sus pacientes necesitan, para ganar la batalla contra el c\u00e1ncer. Dise\u00f1ado para simplificar y mejorar pr\u00e1cticamente todos los aspectos de la IMRT volum\u00e9trica guiada por im\u00e1genes. El dise\u00f1o \u00fanico de MLC permite una alta [&hellip;]","og_url":"https:\/\/global-medica.com\/en\/especialidades\/aceleradores-lineales\/","og_site_name":"Global Medica","article_publisher":"https:\/\/www.facebook.com\/gmglobalmedica","article_modified_time":"2025-09-10T01:34:13+00:00","og_image":[{"width":102,"height":20,"url":"https:\/\/global-medica.com\/wp-content\/uploads\/2025\/09\/Captura-de-Pantalla-2020-08-16-a-las-2.jpg","type":"image\/jpeg"}],"twitter_card":"summary_large_image","twitter_misc":{"Est. reading time":"2 minutes"},"schema":{"@context":"https:\/\/schema.org","@graph":[{"@type":"WebPage","@id":"https:\/\/global-medica.com\/especialidades\/aceleradores-lineales\/","url":"https:\/\/global-medica.com\/especialidades\/aceleradores-lineales\/","name":"Aceleradores Lineales - Global Medica","isPartOf":{"@id":"https:\/\/global-medica.com\/#website"},"primaryImageOfPage":{"@id":"https:\/\/global-medica.com\/especialidades\/aceleradores-lineales\/#primaryimage"},"image":{"@id":"https:\/\/global-medica.com\/especialidades\/aceleradores-lineales\/#primaryimage"},"thumbnailUrl":"https:\/\/global-medica.com\/wp-content\/uploads\/2025\/09\/Captura-de-Pantalla-2020-08-16-a-las-2.jpg","datePublished":"2025-09-10T00:58:54+00:00","dateModified":"2025-09-10T01:34:13+00:00","breadcrumb":{"@id":"https:\/\/global-medica.com\/especialidades\/aceleradores-lineales\/#breadcrumb"},"inLanguage":"en-US","potentialAction":[{"@type":"ReadAction","target":["https:\/\/global-medica.com\/especialidades\/aceleradores-lineales\/"]}]},{"@type":"ImageObject","inLanguage":"en-US","@id":"https:\/\/global-medica.com\/especialidades\/aceleradores-lineales\/#primaryimage","url":"https:\/\/global-medica.com\/wp-content\/uploads\/2025\/09\/Captura-de-Pantalla-2020-08-16-a-las-2.jpg","contentUrl":"https:\/\/global-medica.com\/wp-content\/uploads\/2025\/09\/Captura-de-Pantalla-2020-08-16-a-las-2.jpg"},{"@type":"BreadcrumbList","@id":"https:\/\/global-medica.com\/especialidades\/aceleradores-lineales\/#breadcrumb","itemListElement":[{"@type":"ListItem","position":1,"name":"Home","item":"https:\/\/global-medica.com\/"},{"@type":"ListItem","position":2,"name":"Especialidades","item":"https:\/\/global-medica.com\/especialidades\/"},{"@type":"ListItem","position":3,"name":"Aceleradores Lineales"}]},{"@type":"WebSite","@id":"https:\/\/global-medica.com\/#website","url":"https:\/\/global-medica.com\/","name":"Global Medica","description":"Global Medica","publisher":{"@id":"https:\/\/global-medica.com\/#organization"},"potentialAction":[{"@type":"SearchAction","target":{"@type":"EntryPoint","urlTemplate":"https:\/\/global-medica.com\/?s={search_term_string}"},"query-input":{"@type":"PropertyValueSpecification","valueRequired":true,"valueName":"search_term_string"}}],"inLanguage":"en-US"},{"@type":"Organization","@id":"https:\/\/global-medica.com\/#organization","name":"Global Medica","url":"https:\/\/global-medica.com\/","logo":{"@type":"ImageObject","inLanguage":"en-US","@id":"https:\/\/global-medica.com\/#\/schema\/logo\/image\/","url":"https:\/\/global-medica.com\/wp-content\/uploads\/2024\/04\/global-logo.png","contentUrl":"https:\/\/global-medica.com\/wp-content\/uploads\/2024\/04\/global-logo.png","width":312,"height":84,"caption":"Global Medica"},"image":{"@id":"https:\/\/global-medica.com\/#\/schema\/logo\/image\/"},"sameAs":["https:\/\/www.facebook.com\/gmglobalmedica","https:\/\/www.instagram.com\/globalmedica\/","https:\/\/www.linkedin.com\/company\/67924728","https:\/\/www.youtube.com\/channel\/UCWT2KUVVms56vwB0N9r8qKQ\/"]}]}},"_links":{"self":[{"href":"https:\/\/global-medica.com\/en\/wp-json\/wp\/v2\/pages\/3537","targetHints":{"allow":["GET"]}}],"collection":[{"href":"https:\/\/global-medica.com\/en\/wp-json\/wp\/v2\/pages"}],"about":[{"href":"https:\/\/global-medica.com\/en\/wp-json\/wp\/v2\/types\/page"}],"author":[{"embeddable":true,"href":"https:\/\/global-medica.com\/en\/wp-json\/wp\/v2\/users\/1"}],"replies":[{"embeddable":true,"href":"https:\/\/global-medica.com\/en\/wp-json\/wp\/v2\/comments?post=3537"}],"version-history":[{"count":0,"href":"https:\/\/global-medica.com\/en\/wp-json\/wp\/v2\/pages\/3537\/revisions"}],"up":[{"embeddable":true,"href":"https:\/\/global-medica.com\/en\/wp-json\/wp\/v2\/pages\/3337"}],"wp:attachment":[{"href":"https:\/\/global-medica.com\/en\/wp-json\/wp\/v2\/media?parent=3537"}],"curies":[{"name":"wp","href":"https:\/\/api.w.org\/{rel}","templated":true}]}}