{"id":3345,"date":"2025-09-09T15:12:34","date_gmt":"2025-09-09T15:12:34","guid":{"rendered":"https:\/\/globalmedica.lemachi.de\/?page_id=3345"},"modified":"2025-09-10T13:19:21","modified_gmt":"2025-09-10T13:19:21","slug":"oncologia","status":"publish","type":"page","link":"https:\/\/global-medica.com\/en\/specialties\/oncology\/","title":{"rendered":"Oncology"},"content":{"rendered":"<div data-elementor-type=\"wp-page\" data-elementor-id=\"3345\" class=\"elementor elementor-3345\" data-elementor-post-type=\"page\">\n\t\t\t\t<div class=\"elementor-element elementor-element-273992c e-flex e-con-boxed elementor-invisible e-con e-parent\" data-id=\"273992c\" data-element_type=\"container\" data-e-type=\"container\" data-settings=\"{&quot;animation&quot;:&quot;fadeIn&quot;}\">\n\t\t\t\t\t<div class=\"e-con-inner\">\n\t\t<div class=\"elementor-element elementor-element-ab740bb e-con-full e-flex e-con e-child\" data-id=\"ab740bb\" data-element_type=\"container\" data-e-type=\"container\">\n\t\t\t\t<div class=\"elementor-element elementor-element-e85cde9 elementor-widget elementor-widget-heading\" data-id=\"e85cde9\" data-element_type=\"widget\" data-e-type=\"widget\" data-widget_type=\"heading.default\">\n\t\t\t\t<div class=\"elementor-widget-container\">\n\t\t\t\t\t<h2 class=\"elementor-heading-title elementor-size-default\">Oncology<\/h2>\t\t\t\t<\/div>\n\t\t\t\t<\/div>\n\t\t\t\t<div class=\"elementor-element elementor-element-1dd4ba3 elementor-widget elementor-widget-text-editor\" data-id=\"1dd4ba3\" data-element_type=\"widget\" data-e-type=\"widget\" data-widget_type=\"text-editor.default\">\n\t\t\t\t<div class=\"elementor-widget-container\">\n\t\t\t\t\t\t\t\t\tThe fight against cancer is overwhelming. Since it is expected that the incidence of cancer increases dramatically around the world, along with nearly half of cancer diagnoses that arrive too late, providers of cancer care should be used all the benefits available.\n\nOur solutions of oncology are designed to help providers of cancer care to get the advantage with an innovative set of diagnostic and treatment technologies designed to help improve the detection, the efficiency of clinical, operational efficiency and results. In summary, to help providers of cancer care to provide perhaps the most important prognostic of all: hope.\t\t\t\t\t\t\t\t<\/div>\n\t\t\t\t<\/div>\n\t\t<div class=\"elementor-element elementor-element-70bd6d5 e-grid e-con-full e-con e-child\" data-id=\"70bd6d5\" data-element_type=\"container\" data-e-type=\"container\">\n\t\t\t\t<div class=\"elementor-element elementor-element-32a4bcc elementor-align-justify elementor-widget elementor-widget-button\" data-id=\"32a4bcc\" data-element_type=\"widget\" data-e-type=\"widget\" data-widget_type=\"button.default\">\n\t\t\t\t<div class=\"elementor-widget-container\">\n\t\t\t\t\t\t\t\t\t<div class=\"elementor-button-wrapper\">\n\t\t\t\t\t<a class=\"elementor-button elementor-button-link elementor-size-sm\" href=\"\/en\/especialidades\/radioterapia\/\">\n\t\t\t\t\t\t<span class=\"elementor-button-content-wrapper\">\n\t\t\t\t\t\t\t\t\t<span class=\"elementor-button-text\">RADIATION THERAPY<\/span>\n\t\t\t\t\t<\/span>\n\t\t\t\t\t<\/a>\n\t\t\t\t<\/div>\n\t\t\t\t\t\t\t\t<\/div>\n\t\t\t\t<\/div>\n\t\t\t\t<div class=\"elementor-element elementor-element-217d2c7 elementor-align-justify elementor-widget elementor-widget-button\" data-id=\"217d2c7\" data-element_type=\"widget\" data-e-type=\"widget\" data-widget_type=\"button.default\">\n\t\t\t\t<div class=\"elementor-widget-container\">\n\t\t\t\t\t\t\t\t\t<div class=\"elementor-button-wrapper\">\n\t\t\t\t\t<a class=\"elementor-button elementor-button-link elementor-size-sm\" href=\"\/en\/especialidades\/imagen-molecular\/\">\n\t\t\t\t\t\t<span class=\"elementor-button-content-wrapper\">\n\t\t\t\t\t\t\t\t\t<span class=\"elementor-button-text\">MOLECULAR IMAGING<\/span>\n\t\t\t\t\t<\/span>\n\t\t\t\t\t<\/a>\n\t\t\t\t<\/div>\n\t\t\t\t\t\t\t\t<\/div>\n\t\t\t\t<\/div>\n\t\t\t\t<\/div>\n\t\t\t\t<\/div>\n\t\t<div class=\"elementor-element elementor-element-40b256a e-con-full e-flex e-con e-child\" data-id=\"40b256a\" data-element_type=\"container\" data-e-type=\"container\">\n\t\t\t\t<div class=\"elementor-element elementor-element-a288e2a elementor-widget elementor-widget-image\" data-id=\"a288e2a\" data-element_type=\"widget\" data-e-type=\"widget\" data-widget_type=\"image.default\">\n\t\t\t\t<div class=\"elementor-widget-container\">\n\t\t\t\t\t\t\t\t\t\t\t\t\t\t\t<img fetchpriority=\"high\" decoding=\"async\" width=\"450\" height=\"480\" src=\"https:\/\/global-medica.com\/wp-content\/uploads\/2025\/09\/Captura-de-Pantalla-2020-09-02-a-las-2-1.avif\" class=\"attachment-full size-full wp-image-3523\" alt=\"\" srcset=\"https:\/\/global-medica.com\/wp-content\/uploads\/2025\/09\/Captura-de-Pantalla-2020-09-02-a-las-2-1.avif 450w, https:\/\/global-medica.com\/wp-content\/uploads\/2025\/09\/Captura-de-Pantalla-2020-09-02-a-las-2-1-281x300.avif 281w, https:\/\/global-medica.com\/wp-content\/uploads\/2025\/09\/Captura-de-Pantalla-2020-09-02-a-las-2-1-11x12.avif 11w\" sizes=\"(max-width: 450px) 100vw, 450px\" \/>\t\t\t\t\t\t\t\t\t\t\t\t\t\t\t<\/div>\n\t\t\t\t<\/div>\n\t\t\t\t<\/div>\n\t\t\t\t\t<\/div>\n\t\t\t\t<\/div>\n\t\t<div class=\"elementor-element elementor-element-5a941e7 e-flex e-con-boxed elementor-invisible e-con e-parent\" data-id=\"5a941e7\" data-element_type=\"container\" data-e-type=\"container\" data-settings=\"{&quot;animation&quot;:&quot;fadeIn&quot;}\">\n\t\t\t\t\t<div class=\"e-con-inner\">\n\t\t\t\t<div class=\"elementor-element elementor-element-ff6e89f elementor-widget elementor-widget-button\" data-id=\"ff6e89f\" data-element_type=\"widget\" data-e-type=\"widget\" data-widget_type=\"button.default\">\n\t\t\t\t<div class=\"elementor-widget-container\">\n\t\t\t\t\t\t\t\t\t<div class=\"elementor-button-wrapper\">\n\t\t\t\t\t<a class=\"elementor-button elementor-button-link elementor-size-sm\" href=\"\/en\/especialidades\/\">\n\t\t\t\t\t\t<span class=\"elementor-button-content-wrapper\">\n\t\t\t\t\t\t<span class=\"elementor-button-icon\">\n\t\t\t\t<svg aria-hidden=\"true\" class=\"e-font-icon-svg e-fas-arrow-left\" viewbox=\"0 0 448 512\" xmlns=\"http:\/\/www.w3.org\/2000\/svg\"><path d=\"M257.5 445.1l-22.2 22.2c-9.4 9.4-24.6 9.4-33.9 0L7 273c-9.4-9.4-9.4-24.6 0-33.9L201.4 44.7c9.4-9.4 24.6-9.4 33.9 0l22.2 22.2c9.5 9.5 9.3 25-.4 34.3L136.6 216H424c13.3 0 24 10.7 24 24v32c0 13.3-10.7 24-24 24H136.6l120.5 114.8c9.8 9.3 10 24.8.4 34.3z\"><\/path><\/svg>\t\t\t<\/span>\n\t\t\t\t\t\t\t\t\t<span class=\"elementor-button-text\">Back<\/span>\n\t\t\t\t\t<\/span>\n\t\t\t\t\t<\/a>\n\t\t\t\t<\/div>\n\t\t\t\t\t\t\t\t<\/div>\n\t\t\t\t<\/div>\n\t\t\t\t\t<\/div>\n\t\t\t\t<\/div>\n\t\t\t\t<\/div>","protected":false},"excerpt":{"rendered":"<p>La lucha contra el c\u00e1ncer es abrumadora. Dado que se espera que la incidencia de c\u00e1ncer aumente dr\u00e1sticamente en todo el mundo, junto con casi la mitad de los diagn\u00f3sticos de c\u00e1ncer que llegan demasiado tarde, los proveedores de atenci\u00f3n del c\u00e1ncer deben utilizar todas las ventajas disponibles. Nuestras soluciones de oncolog\u00eda est\u00e1n dise\u00f1adas para [&hellip;]<\/p>\n","protected":false},"author":1,"featured_media":0,"parent":3337,"menu_order":2,"comment_status":"closed","ping_status":"closed","template":"","meta":{"footnotes":""},"class_list":["post-3345","page","type-page","status-publish","hentry"],"yoast_head":"<!-- This site is optimized with the Yoast SEO plugin v27.3 - https:\/\/yoast.com\/product\/yoast-seo-wordpress\/ -->\n<title>Oncology - Global Medica - Global M\u00e9dica DR<\/title>\n<meta name=\"description\" content=\"Soluciones de oncolog\u00eda con tecnolog\u00edas avanzadas para diagn\u00f3stico y tratamiento del c\u00e1ncer, mejorando la detecci\u00f3n, eficiencia cl\u00ednica y resultados.\" \/>\n<meta name=\"robots\" content=\"index, follow, max-snippet:-1, max-image-preview:large, max-video-preview:-1\" \/>\n<link rel=\"canonical\" href=\"https:\/\/global-medica.com\/en\/especialidades\/oncologia\/\" \/>\n<meta property=\"og:locale\" content=\"en_US\" \/>\n<meta property=\"og:type\" content=\"article\" \/>\n<meta property=\"og:title\" content=\"Oncology - Global Medica - Global M\u00e9dica DR\" \/>\n<meta property=\"og:description\" content=\"Soluciones de oncolog\u00eda con tecnolog\u00edas avanzadas para diagn\u00f3stico y tratamiento del c\u00e1ncer, mejorando la detecci\u00f3n, eficiencia cl\u00ednica y resultados.\" \/>\n<meta property=\"og:url\" content=\"https:\/\/global-medica.com\/en\/especialidades\/oncologia\/\" \/>\n<meta property=\"og:site_name\" content=\"Global Medica\" \/>\n<meta property=\"article:publisher\" content=\"https:\/\/www.facebook.com\/gmglobalmedica\" \/>\n<meta property=\"article:modified_time\" content=\"2025-09-10T13:19:21+00:00\" \/>\n<meta property=\"og:image\" content=\"https:\/\/global-medica.com\/wp-content\/uploads\/2025\/09\/Captura-de-Pantalla-2020-09-02-a-las-2-1.avif\" \/>\n<meta name=\"twitter:card\" content=\"summary_large_image\" \/>\n<meta name=\"twitter:label1\" content=\"Est. reading time\" \/>\n\t<meta name=\"twitter:data1\" content=\"1 minute\" \/>\n<script type=\"application\/ld+json\" class=\"yoast-schema-graph\">{\"@context\":\"https:\\\/\\\/schema.org\",\"@graph\":[{\"@type\":\"WebPage\",\"@id\":\"https:\\\/\\\/global-medica.com\\\/especialidades\\\/oncologia\\\/\",\"url\":\"https:\\\/\\\/global-medica.com\\\/especialidades\\\/oncologia\\\/\",\"name\":\"Oncolog\u00eda\",\"isPartOf\":{\"@id\":\"https:\\\/\\\/global-medica.com\\\/#website\"},\"primaryImageOfPage\":{\"@id\":\"https:\\\/\\\/global-medica.com\\\/especialidades\\\/oncologia\\\/#primaryimage\"},\"image\":{\"@id\":\"https:\\\/\\\/global-medica.com\\\/especialidades\\\/oncologia\\\/#primaryimage\"},\"thumbnailUrl\":\"https:\\\/\\\/global-medica.com\\\/wp-content\\\/uploads\\\/2025\\\/09\\\/Captura-de-Pantalla-2020-09-02-a-las-2-1.avif\",\"datePublished\":\"2025-09-09T15:12:34+00:00\",\"dateModified\":\"2025-09-10T13:19:21+00:00\",\"description\":\"Soluciones de oncolog\u00eda con tecnolog\u00edas avanzadas para diagn\u00f3stico y tratamiento del c\u00e1ncer, mejorando la detecci\u00f3n, eficiencia cl\u00ednica y resultados.\",\"breadcrumb\":{\"@id\":\"https:\\\/\\\/global-medica.com\\\/especialidades\\\/oncologia\\\/#breadcrumb\"},\"inLanguage\":\"en-US\",\"potentialAction\":[{\"@type\":\"ReadAction\",\"target\":[\"https:\\\/\\\/global-medica.com\\\/especialidades\\\/oncologia\\\/\"]}]},{\"@type\":\"ImageObject\",\"inLanguage\":\"en-US\",\"@id\":\"https:\\\/\\\/global-medica.com\\\/especialidades\\\/oncologia\\\/#primaryimage\",\"url\":\"https:\\\/\\\/global-medica.com\\\/wp-content\\\/uploads\\\/2025\\\/09\\\/Captura-de-Pantalla-2020-09-02-a-las-2-1.avif\",\"contentUrl\":\"https:\\\/\\\/global-medica.com\\\/wp-content\\\/uploads\\\/2025\\\/09\\\/Captura-de-Pantalla-2020-09-02-a-las-2-1.avif\"},{\"@type\":\"BreadcrumbList\",\"@id\":\"https:\\\/\\\/global-medica.com\\\/especialidades\\\/oncologia\\\/#breadcrumb\",\"itemListElement\":[{\"@type\":\"ListItem\",\"position\":1,\"name\":\"Home\",\"item\":\"https:\\\/\\\/global-medica.com\\\/\"},{\"@type\":\"ListItem\",\"position\":2,\"name\":\"Especialidades\",\"item\":\"https:\\\/\\\/global-medica.com\\\/especialidades\\\/\"},{\"@type\":\"ListItem\",\"position\":3,\"name\":\"Oncolog\u00eda\"}]},{\"@type\":\"WebSite\",\"@id\":\"https:\\\/\\\/global-medica.com\\\/#website\",\"url\":\"https:\\\/\\\/global-medica.com\\\/\",\"name\":\"Global Medica\",\"description\":\"Global Medica\",\"publisher\":{\"@id\":\"https:\\\/\\\/global-medica.com\\\/#organization\"},\"inLanguage\":\"en-US\"},{\"@type\":\"Organization\",\"@id\":\"https:\\\/\\\/global-medica.com\\\/#organization\",\"name\":\"Global Medica\",\"url\":\"https:\\\/\\\/global-medica.com\\\/\",\"logo\":{\"@type\":\"ImageObject\",\"inLanguage\":\"en-US\",\"@id\":\"https:\\\/\\\/global-medica.com\\\/#\\\/schema\\\/logo\\\/image\\\/\",\"url\":\"https:\\\/\\\/global-medica.com\\\/wp-content\\\/uploads\\\/2024\\\/04\\\/global-logo.png\",\"contentUrl\":\"https:\\\/\\\/global-medica.com\\\/wp-content\\\/uploads\\\/2024\\\/04\\\/global-logo.png\",\"width\":312,\"height\":84,\"caption\":\"Global Medica\"},\"image\":{\"@id\":\"https:\\\/\\\/global-medica.com\\\/#\\\/schema\\\/logo\\\/image\\\/\"},\"sameAs\":[\"https:\\\/\\\/www.facebook.com\\\/gmglobalmedica\",\"https:\\\/\\\/www.instagram.com\\\/globalmedica\\\/\",\"https:\\\/\\\/www.linkedin.com\\\/company\\\/67924728\",\"https:\\\/\\\/www.youtube.com\\\/channel\\\/UCWT2KUVVms56vwB0N9r8qKQ\\\/\"]}]}<\/script>\n<!-- \/ Yoast SEO plugin. -->","yoast_head_json":{"title":"Oncology - Global Medica - Global M\u00e9dica DR","description":"Soluciones de oncolog\u00eda con tecnolog\u00edas avanzadas para diagn\u00f3stico y tratamiento del c\u00e1ncer, mejorando la detecci\u00f3n, eficiencia cl\u00ednica y resultados.","robots":{"index":"index","follow":"follow","max-snippet":"max-snippet:-1","max-image-preview":"max-image-preview:large","max-video-preview":"max-video-preview:-1"},"canonical":"https:\/\/global-medica.com\/en\/especialidades\/oncologia\/","og_locale":"en_US","og_type":"article","og_title":"Oncology - Global Medica - Global M\u00e9dica DR","og_description":"Soluciones de oncolog\u00eda con tecnolog\u00edas avanzadas para diagn\u00f3stico y tratamiento del c\u00e1ncer, mejorando la detecci\u00f3n, eficiencia cl\u00ednica y resultados.","og_url":"https:\/\/global-medica.com\/en\/especialidades\/oncologia\/","og_site_name":"Global Medica","article_publisher":"https:\/\/www.facebook.com\/gmglobalmedica","article_modified_time":"2025-09-10T13:19:21+00:00","og_image":[{"url":"https:\/\/global-medica.com\/wp-content\/uploads\/2025\/09\/Captura-de-Pantalla-2020-09-02-a-las-2-1.avif","type":"","width":"","height":""}],"twitter_card":"summary_large_image","twitter_misc":{"Est. reading time":"1 minute"},"schema":{"@context":"https:\/\/schema.org","@graph":[{"@type":"WebPage","@id":"https:\/\/global-medica.com\/especialidades\/oncologia\/","url":"https:\/\/global-medica.com\/especialidades\/oncologia\/","name":"Oncology","isPartOf":{"@id":"https:\/\/global-medica.com\/#website"},"primaryImageOfPage":{"@id":"https:\/\/global-medica.com\/especialidades\/oncologia\/#primaryimage"},"image":{"@id":"https:\/\/global-medica.com\/especialidades\/oncologia\/#primaryimage"},"thumbnailUrl":"https:\/\/global-medica.com\/wp-content\/uploads\/2025\/09\/Captura-de-Pantalla-2020-09-02-a-las-2-1.avif","datePublished":"2025-09-09T15:12:34+00:00","dateModified":"2025-09-10T13:19:21+00:00","description":"Soluciones de oncolog\u00eda con tecnolog\u00edas avanzadas para diagn\u00f3stico y tratamiento del c\u00e1ncer, mejorando la detecci\u00f3n, eficiencia cl\u00ednica y resultados.","breadcrumb":{"@id":"https:\/\/global-medica.com\/especialidades\/oncologia\/#breadcrumb"},"inLanguage":"en-US","potentialAction":[{"@type":"ReadAction","target":["https:\/\/global-medica.com\/especialidades\/oncologia\/"]}]},{"@type":"ImageObject","inLanguage":"en-US","@id":"https:\/\/global-medica.com\/especialidades\/oncologia\/#primaryimage","url":"https:\/\/global-medica.com\/wp-content\/uploads\/2025\/09\/Captura-de-Pantalla-2020-09-02-a-las-2-1.avif","contentUrl":"https:\/\/global-medica.com\/wp-content\/uploads\/2025\/09\/Captura-de-Pantalla-2020-09-02-a-las-2-1.avif"},{"@type":"BreadcrumbList","@id":"https:\/\/global-medica.com\/especialidades\/oncologia\/#breadcrumb","itemListElement":[{"@type":"ListItem","position":1,"name":"Home","item":"https:\/\/global-medica.com\/"},{"@type":"ListItem","position":2,"name":"Especialidades","item":"https:\/\/global-medica.com\/especialidades\/"},{"@type":"ListItem","position":3,"name":"Oncolog\u00eda"}]},{"@type":"WebSite","@id":"https:\/\/global-medica.com\/#website","url":"https:\/\/global-medica.com\/","name":"Global Medica","description":"Global Medica","publisher":{"@id":"https:\/\/global-medica.com\/#organization"},"inLanguage":"en-US"},{"@type":"Organization","@id":"https:\/\/global-medica.com\/#organization","name":"Global Medica","url":"https:\/\/global-medica.com\/","logo":{"@type":"ImageObject","inLanguage":"en-US","@id":"https:\/\/global-medica.com\/#\/schema\/logo\/image\/","url":"https:\/\/global-medica.com\/wp-content\/uploads\/2024\/04\/global-logo.png","contentUrl":"https:\/\/global-medica.com\/wp-content\/uploads\/2024\/04\/global-logo.png","width":312,"height":84,"caption":"Global Medica"},"image":{"@id":"https:\/\/global-medica.com\/#\/schema\/logo\/image\/"},"sameAs":["https:\/\/www.facebook.com\/gmglobalmedica","https:\/\/www.instagram.com\/globalmedica\/","https:\/\/www.linkedin.com\/company\/67924728","https:\/\/www.youtube.com\/channel\/UCWT2KUVVms56vwB0N9r8qKQ\/"]}]}},"_links":{"self":[{"href":"https:\/\/global-medica.com\/en\/wp-json\/wp\/v2\/pages\/3345","targetHints":{"allow":["GET"]}}],"collection":[{"href":"https:\/\/global-medica.com\/en\/wp-json\/wp\/v2\/pages"}],"about":[{"href":"https:\/\/global-medica.com\/en\/wp-json\/wp\/v2\/types\/page"}],"author":[{"embeddable":true,"href":"https:\/\/global-medica.com\/en\/wp-json\/wp\/v2\/users\/1"}],"replies":[{"embeddable":true,"href":"https:\/\/global-medica.com\/en\/wp-json\/wp\/v2\/comments?post=3345"}],"version-history":[{"count":25,"href":"https:\/\/global-medica.com\/en\/wp-json\/wp\/v2\/pages\/3345\/revisions"}],"predecessor-version":[{"id":3735,"href":"https:\/\/global-medica.com\/en\/wp-json\/wp\/v2\/pages\/3345\/revisions\/3735"}],"up":[{"embeddable":true,"href":"https:\/\/global-medica.com\/en\/wp-json\/wp\/v2\/pages\/3337"}],"wp:attachment":[{"href":"https:\/\/global-medica.com\/en\/wp-json\/wp\/v2\/media?parent=3345"}],"curies":[{"name":"wp","href":"https:\/\/api.w.org\/{rel}","templated":true}]}}