{"id":3337,"date":"2025-09-09T14:47:42","date_gmt":"2025-09-09T14:47:42","guid":{"rendered":"https:\/\/globalmedica.lemachi.de\/?page_id=3337"},"modified":"2025-09-10T15:13:41","modified_gmt":"2025-09-10T15:13:41","slug":"especialidades","status":"publish","type":"page","link":"https:\/\/global-medica.com\/en\/specialties\/","title":{"rendered":"Specialties"},"content":{"rendered":"<div data-elementor-type=\"wp-page\" data-elementor-id=\"3337\" class=\"elementor elementor-3337\" data-elementor-post-type=\"page\">\n\t\t\t\t<div class=\"elementor-element elementor-element-1fcc1ad e-grid e-con-full elementor-invisible e-con e-parent\" data-id=\"1fcc1ad\" data-element_type=\"container\" data-e-type=\"container\" data-settings=\"{&quot;animation&quot;:&quot;fadeIn&quot;}\">\n\t\t\t\t<div class=\"elementor-element elementor-element-ca68bf0 elementor-widget elementor-widget-image\" data-id=\"ca68bf0\" data-element_type=\"widget\" data-e-type=\"widget\" data-widget_type=\"image.default\">\n\t\t\t\t<div class=\"elementor-widget-container\">\n\t\t\t\t\t\t\t\t\t\t\t\t\t\t\t\t<a href=\"\/en\/especialidades\/salud-de-la-mujer\/\">\n\t\t\t\t\t\t\t<img fetchpriority=\"high\" decoding=\"async\" width=\"633\" height=\"633\" src=\"https:\/\/global-medica.com\/wp-content\/uploads\/2025\/09\/01-womens-health.avif\" class=\"attachment-large size-large wp-image-3357\" alt=\"\" srcset=\"https:\/\/global-medica.com\/wp-content\/uploads\/2025\/09\/01-womens-health.avif 633w, https:\/\/global-medica.com\/wp-content\/uploads\/2025\/09\/01-womens-health-300x300.avif 300w, https:\/\/global-medica.com\/wp-content\/uploads\/2025\/09\/01-womens-health-150x150.avif 150w, https:\/\/global-medica.com\/wp-content\/uploads\/2025\/09\/01-womens-health-12x12.avif 12w, https:\/\/global-medica.com\/wp-content\/uploads\/2025\/09\/01-womens-health-600x600.avif 600w, https:\/\/global-medica.com\/wp-content\/uploads\/2025\/09\/01-womens-health-100x100.avif 100w\" sizes=\"(max-width: 633px) 100vw, 633px\" \/>\t\t\t\t\t\t\t\t<\/a>\n\t\t\t\t\t\t\t\t\t\t\t\t\t\t\t<\/div>\n\t\t\t\t<\/div>\n\t\t\t\t<div class=\"elementor-element elementor-element-06a5642 elementor-widget elementor-widget-image\" data-id=\"06a5642\" data-element_type=\"widget\" data-e-type=\"widget\" data-widget_type=\"image.default\">\n\t\t\t\t<div class=\"elementor-widget-container\">\n\t\t\t\t\t\t\t\t\t\t\t\t\t\t\t\t<a href=\"\/en\/especialidades\/oncologia\/\">\n\t\t\t\t\t\t\t<img decoding=\"async\" width=\"634\" height=\"633\" src=\"https:\/\/global-medica.com\/wp-content\/uploads\/2025\/09\/02-oncology.avif\" class=\"attachment-large size-large wp-image-3365\" alt=\"\" srcset=\"https:\/\/global-medica.com\/wp-content\/uploads\/2025\/09\/02-oncology.avif 634w, https:\/\/global-medica.com\/wp-content\/uploads\/2025\/09\/02-oncology-300x300.avif 300w, https:\/\/global-medica.com\/wp-content\/uploads\/2025\/09\/02-oncology-150x150.avif 150w, https:\/\/global-medica.com\/wp-content\/uploads\/2025\/09\/02-oncology-12x12.avif 12w, https:\/\/global-medica.com\/wp-content\/uploads\/2025\/09\/02-oncology-600x599.avif 600w, https:\/\/global-medica.com\/wp-content\/uploads\/2025\/09\/02-oncology-100x100.avif 100w\" sizes=\"(max-width: 634px) 100vw, 634px\" \/>\t\t\t\t\t\t\t\t<\/a>\n\t\t\t\t\t\t\t\t\t\t\t\t\t\t\t<\/div>\n\t\t\t\t<\/div>\n\t\t\t\t<div class=\"elementor-element elementor-element-f5e649e elementor-widget elementor-widget-image\" data-id=\"f5e649e\" data-element_type=\"widget\" data-e-type=\"widget\" data-widget_type=\"image.default\">\n\t\t\t\t<div class=\"elementor-widget-container\">\n\t\t\t\t\t\t\t\t\t\t\t\t\t\t\t\t<a href=\"\/en\/especialidades\/cardiologia\/\">\n\t\t\t\t\t\t\t<img decoding=\"async\" width=\"633\" height=\"633\" src=\"https:\/\/global-medica.com\/wp-content\/uploads\/2025\/09\/03-cardiology.avif\" class=\"attachment-large size-large wp-image-3366\" alt=\"\" srcset=\"https:\/\/global-medica.com\/wp-content\/uploads\/2025\/09\/03-cardiology.avif 633w, https:\/\/global-medica.com\/wp-content\/uploads\/2025\/09\/03-cardiology-300x300.avif 300w, https:\/\/global-medica.com\/wp-content\/uploads\/2025\/09\/03-cardiology-150x150.avif 150w, https:\/\/global-medica.com\/wp-content\/uploads\/2025\/09\/03-cardiology-12x12.avif 12w, https:\/\/global-medica.com\/wp-content\/uploads\/2025\/09\/03-cardiology-600x600.avif 600w, https:\/\/global-medica.com\/wp-content\/uploads\/2025\/09\/03-cardiology-100x100.avif 100w\" sizes=\"(max-width: 633px) 100vw, 633px\" \/>\t\t\t\t\t\t\t\t<\/a>\n\t\t\t\t\t\t\t\t\t\t\t\t\t\t\t<\/div>\n\t\t\t\t<\/div>\n\t\t\t\t<div class=\"elementor-element elementor-element-b80b504 elementor-widget elementor-widget-image\" data-id=\"b80b504\" data-element_type=\"widget\" data-e-type=\"widget\" data-widget_type=\"image.default\">\n\t\t\t\t<div class=\"elementor-widget-container\">\n\t\t\t\t\t\t\t\t\t\t\t\t\t\t\t\t<a href=\"\/en\/especialidades\/ortopedia\/\">\n\t\t\t\t\t\t\t<img loading=\"lazy\" decoding=\"async\" width=\"633\" height=\"633\" src=\"https:\/\/global-medica.com\/wp-content\/uploads\/2025\/09\/04-orthopedics.avif\" class=\"attachment-large size-large wp-image-3367\" alt=\"\" srcset=\"https:\/\/global-medica.com\/wp-content\/uploads\/2025\/09\/04-orthopedics.avif 633w, https:\/\/global-medica.com\/wp-content\/uploads\/2025\/09\/04-orthopedics-300x300.avif 300w, https:\/\/global-medica.com\/wp-content\/uploads\/2025\/09\/04-orthopedics-150x150.avif 150w, https:\/\/global-medica.com\/wp-content\/uploads\/2025\/09\/04-orthopedics-12x12.avif 12w, https:\/\/global-medica.com\/wp-content\/uploads\/2025\/09\/04-orthopedics-600x600.avif 600w, https:\/\/global-medica.com\/wp-content\/uploads\/2025\/09\/04-orthopedics-100x100.avif 100w\" sizes=\"(max-width: 633px) 100vw, 633px\" \/>\t\t\t\t\t\t\t\t<\/a>\n\t\t\t\t\t\t\t\t\t\t\t\t\t\t\t<\/div>\n\t\t\t\t<\/div>\n\t\t\t\t<div class=\"elementor-element elementor-element-6cb4006 elementor-widget elementor-widget-image\" data-id=\"6cb4006\" data-element_type=\"widget\" data-e-type=\"widget\" data-widget_type=\"image.default\">\n\t\t\t\t<div class=\"elementor-widget-container\">\n\t\t\t\t\t\t\t\t\t\t\t\t\t\t\t\t<a href=\"\/en\/especialidades\/infarto\/\">\n\t\t\t\t\t\t\t<img loading=\"lazy\" decoding=\"async\" width=\"634\" height=\"633\" src=\"https:\/\/global-medica.com\/wp-content\/uploads\/2025\/09\/05-stroke.avif\" class=\"attachment-large size-large wp-image-3368\" alt=\"\" srcset=\"https:\/\/global-medica.com\/wp-content\/uploads\/2025\/09\/05-stroke.avif 634w, https:\/\/global-medica.com\/wp-content\/uploads\/2025\/09\/05-stroke-300x300.avif 300w, https:\/\/global-medica.com\/wp-content\/uploads\/2025\/09\/05-stroke-150x150.avif 150w, https:\/\/global-medica.com\/wp-content\/uploads\/2025\/09\/05-stroke-12x12.avif 12w, https:\/\/global-medica.com\/wp-content\/uploads\/2025\/09\/05-stroke-600x599.avif 600w, https:\/\/global-medica.com\/wp-content\/uploads\/2025\/09\/05-stroke-100x100.avif 100w\" sizes=\"(max-width: 634px) 100vw, 634px\" \/>\t\t\t\t\t\t\t\t<\/a>\n\t\t\t\t\t\t\t\t\t\t\t\t\t\t\t<\/div>\n\t\t\t\t<\/div>\n\t\t\t\t<div class=\"elementor-element elementor-element-abb7d6d elementor-widget elementor-widget-image\" data-id=\"abb7d6d\" data-element_type=\"widget\" data-e-type=\"widget\" data-widget_type=\"image.default\">\n\t\t\t\t<div class=\"elementor-widget-container\">\n\t\t\t\t\t\t\t\t\t\t\t\t\t\t\t\t<a href=\"\/en\/especialidades\/sala-de-operaciones\/\">\n\t\t\t\t\t\t\t<img loading=\"lazy\" decoding=\"async\" width=\"633\" height=\"633\" src=\"https:\/\/global-medica.com\/wp-content\/uploads\/2025\/09\/06-operating-room.avif\" class=\"attachment-large size-large wp-image-3369\" alt=\"\" srcset=\"https:\/\/global-medica.com\/wp-content\/uploads\/2025\/09\/06-operating-room.avif 633w, https:\/\/global-medica.com\/wp-content\/uploads\/2025\/09\/06-operating-room-300x300.avif 300w, https:\/\/global-medica.com\/wp-content\/uploads\/2025\/09\/06-operating-room-150x150.avif 150w, https:\/\/global-medica.com\/wp-content\/uploads\/2025\/09\/06-operating-room-12x12.avif 12w, https:\/\/global-medica.com\/wp-content\/uploads\/2025\/09\/06-operating-room-600x600.avif 600w, https:\/\/global-medica.com\/wp-content\/uploads\/2025\/09\/06-operating-room-100x100.avif 100w\" sizes=\"(max-width: 633px) 100vw, 633px\" \/>\t\t\t\t\t\t\t\t<\/a>\n\t\t\t\t\t\t\t\t\t\t\t\t\t\t\t<\/div>\n\t\t\t\t<\/div>\n\t\t\t\t<div class=\"elementor-element elementor-element-fc4af24 elementor-widget elementor-widget-image\" data-id=\"fc4af24\" data-element_type=\"widget\" data-e-type=\"widget\" data-widget_type=\"image.default\">\n\t\t\t\t<div class=\"elementor-widget-container\">\n\t\t\t\t\t\t\t\t\t\t\t\t\t\t\t\t<a href=\"\/en\/sala-de-prensa\/\">\n\t\t\t\t\t\t\t<img loading=\"lazy\" decoding=\"async\" width=\"633\" height=\"633\" src=\"https:\/\/global-medica.com\/wp-content\/uploads\/2025\/09\/07-education.avif\" class=\"attachment-large size-large wp-image-3370\" alt=\"\" srcset=\"https:\/\/global-medica.com\/wp-content\/uploads\/2025\/09\/07-education.avif 633w, https:\/\/global-medica.com\/wp-content\/uploads\/2025\/09\/07-education-300x300.avif 300w, https:\/\/global-medica.com\/wp-content\/uploads\/2025\/09\/07-education-150x150.avif 150w, https:\/\/global-medica.com\/wp-content\/uploads\/2025\/09\/07-education-12x12.avif 12w, https:\/\/global-medica.com\/wp-content\/uploads\/2025\/09\/07-education-600x600.avif 600w, https:\/\/global-medica.com\/wp-content\/uploads\/2025\/09\/07-education-100x100.avif 100w\" sizes=\"(max-width: 633px) 100vw, 633px\" \/>\t\t\t\t\t\t\t\t<\/a>\n\t\t\t\t\t\t\t\t\t\t\t\t\t\t\t<\/div>\n\t\t\t\t<\/div>\n\t\t\t\t<\/div>\n\t\t\t\t<\/div>","protected":false},"excerpt":{"rendered":"","protected":false},"author":1,"featured_media":0,"parent":0,"menu_order":3,"comment_status":"closed","ping_status":"closed","template":"","meta":{"footnotes":""},"class_list":["post-3337","page","type-page","status-publish","hentry"],"yoast_head":"<!-- This site is optimized with the Yoast SEO plugin v27.3 - https:\/\/yoast.com\/product\/yoast-seo-wordpress\/ -->\n<title>Especialidades m\u00e9dicas - Global Medica - Global M\u00e9dica DR<\/title>\n<meta name=\"description\" content=\"Especialidades m\u00e9dicas: salud de la mujer, oncolog\u00eda, cardiolog\u00eda, ortopedia, infarto, sala de operaciones y educaci\u00f3n m\u00e9dica.\" \/>\n<meta name=\"robots\" content=\"index, follow, max-snippet:-1, max-image-preview:large, max-video-preview:-1\" \/>\n<link rel=\"canonical\" href=\"https:\/\/global-medica.com\/en\/especialidades\/\" \/>\n<meta property=\"og:locale\" content=\"en_US\" \/>\n<meta property=\"og:type\" content=\"article\" \/>\n<meta property=\"og:title\" content=\"Especialidades m\u00e9dicas - Global Medica - Global M\u00e9dica DR\" \/>\n<meta property=\"og:description\" content=\"Especialidades m\u00e9dicas: salud de la mujer, oncolog\u00eda, cardiolog\u00eda, ortopedia, infarto, sala de operaciones y educaci\u00f3n m\u00e9dica.\" \/>\n<meta property=\"og:url\" content=\"https:\/\/global-medica.com\/en\/especialidades\/\" \/>\n<meta property=\"og:site_name\" content=\"Global Medica\" \/>\n<meta property=\"article:publisher\" content=\"https:\/\/www.facebook.com\/gmglobalmedica\" \/>\n<meta property=\"article:modified_time\" content=\"2025-09-10T15:13:41+00:00\" \/>\n<meta property=\"og:image\" content=\"https:\/\/global-medica.com\/wp-content\/uploads\/2025\/09\/01-womens-health.avif\" \/>\n<meta name=\"twitter:card\" content=\"summary_large_image\" \/>\n<script type=\"application\/ld+json\" class=\"yoast-schema-graph\">{\"@context\":\"https:\\\/\\\/schema.org\",\"@graph\":[{\"@type\":\"WebPage\",\"@id\":\"https:\\\/\\\/global-medica.com\\\/especialidades\\\/\",\"url\":\"https:\\\/\\\/global-medica.com\\\/especialidades\\\/\",\"name\":\"Especialidades m\u00e9dicas\",\"isPartOf\":{\"@id\":\"https:\\\/\\\/global-medica.com\\\/#website\"},\"primaryImageOfPage\":{\"@id\":\"https:\\\/\\\/global-medica.com\\\/especialidades\\\/#primaryimage\"},\"image\":{\"@id\":\"https:\\\/\\\/global-medica.com\\\/especialidades\\\/#primaryimage\"},\"thumbnailUrl\":\"https:\\\/\\\/global-medica.com\\\/wp-content\\\/uploads\\\/2025\\\/09\\\/01-womens-health.avif\",\"datePublished\":\"2025-09-09T14:47:42+00:00\",\"dateModified\":\"2025-09-10T15:13:41+00:00\",\"description\":\"Especialidades m\u00e9dicas: salud de la mujer, oncolog\u00eda, cardiolog\u00eda, ortopedia, infarto, sala de operaciones y educaci\u00f3n m\u00e9dica.\",\"breadcrumb\":{\"@id\":\"https:\\\/\\\/global-medica.com\\\/especialidades\\\/#breadcrumb\"},\"inLanguage\":\"en-US\",\"potentialAction\":[{\"@type\":\"ReadAction\",\"target\":[\"https:\\\/\\\/global-medica.com\\\/especialidades\\\/\"]}]},{\"@type\":\"ImageObject\",\"inLanguage\":\"en-US\",\"@id\":\"https:\\\/\\\/global-medica.com\\\/especialidades\\\/#primaryimage\",\"url\":\"https:\\\/\\\/global-medica.com\\\/wp-content\\\/uploads\\\/2025\\\/09\\\/01-womens-health.avif\",\"contentUrl\":\"https:\\\/\\\/global-medica.com\\\/wp-content\\\/uploads\\\/2025\\\/09\\\/01-womens-health.avif\"},{\"@type\":\"BreadcrumbList\",\"@id\":\"https:\\\/\\\/global-medica.com\\\/especialidades\\\/#breadcrumb\",\"itemListElement\":[{\"@type\":\"ListItem\",\"position\":1,\"name\":\"Home\",\"item\":\"https:\\\/\\\/global-medica.com\\\/\"},{\"@type\":\"ListItem\",\"position\":2,\"name\":\"Especialidades\"}]},{\"@type\":\"WebSite\",\"@id\":\"https:\\\/\\\/global-medica.com\\\/#website\",\"url\":\"https:\\\/\\\/global-medica.com\\\/\",\"name\":\"Global Medica\",\"description\":\"Global Medica\",\"publisher\":{\"@id\":\"https:\\\/\\\/global-medica.com\\\/#organization\"},\"inLanguage\":\"en-US\"},{\"@type\":\"Organization\",\"@id\":\"https:\\\/\\\/global-medica.com\\\/#organization\",\"name\":\"Global Medica\",\"url\":\"https:\\\/\\\/global-medica.com\\\/\",\"logo\":{\"@type\":\"ImageObject\",\"inLanguage\":\"en-US\",\"@id\":\"https:\\\/\\\/global-medica.com\\\/#\\\/schema\\\/logo\\\/image\\\/\",\"url\":\"https:\\\/\\\/global-medica.com\\\/wp-content\\\/uploads\\\/2024\\\/04\\\/global-logo.png\",\"contentUrl\":\"https:\\\/\\\/global-medica.com\\\/wp-content\\\/uploads\\\/2024\\\/04\\\/global-logo.png\",\"width\":312,\"height\":84,\"caption\":\"Global Medica\"},\"image\":{\"@id\":\"https:\\\/\\\/global-medica.com\\\/#\\\/schema\\\/logo\\\/image\\\/\"},\"sameAs\":[\"https:\\\/\\\/www.facebook.com\\\/gmglobalmedica\",\"https:\\\/\\\/www.instagram.com\\\/globalmedica\\\/\",\"https:\\\/\\\/www.linkedin.com\\\/company\\\/67924728\",\"https:\\\/\\\/www.youtube.com\\\/channel\\\/UCWT2KUVVms56vwB0N9r8qKQ\\\/\"]}]}<\/script>\n<!-- \/ Yoast SEO plugin. -->","yoast_head_json":{"title":"Especialidades m\u00e9dicas - Global Medica - Global M\u00e9dica DR","description":"Especialidades m\u00e9dicas: salud de la mujer, oncolog\u00eda, cardiolog\u00eda, ortopedia, infarto, sala de operaciones y educaci\u00f3n m\u00e9dica.","robots":{"index":"index","follow":"follow","max-snippet":"max-snippet:-1","max-image-preview":"max-image-preview:large","max-video-preview":"max-video-preview:-1"},"canonical":"https:\/\/global-medica.com\/en\/especialidades\/","og_locale":"en_US","og_type":"article","og_title":"Especialidades m\u00e9dicas - Global Medica - Global M\u00e9dica DR","og_description":"Especialidades m\u00e9dicas: salud de la mujer, oncolog\u00eda, cardiolog\u00eda, ortopedia, infarto, sala de operaciones y educaci\u00f3n m\u00e9dica.","og_url":"https:\/\/global-medica.com\/en\/especialidades\/","og_site_name":"Global Medica","article_publisher":"https:\/\/www.facebook.com\/gmglobalmedica","article_modified_time":"2025-09-10T15:13:41+00:00","og_image":[{"url":"https:\/\/global-medica.com\/wp-content\/uploads\/2025\/09\/01-womens-health.avif","type":"","width":"","height":""}],"twitter_card":"summary_large_image","schema":{"@context":"https:\/\/schema.org","@graph":[{"@type":"WebPage","@id":"https:\/\/global-medica.com\/especialidades\/","url":"https:\/\/global-medica.com\/especialidades\/","name":"Especialidades m\u00e9dicas","isPartOf":{"@id":"https:\/\/global-medica.com\/#website"},"primaryImageOfPage":{"@id":"https:\/\/global-medica.com\/especialidades\/#primaryimage"},"image":{"@id":"https:\/\/global-medica.com\/especialidades\/#primaryimage"},"thumbnailUrl":"https:\/\/global-medica.com\/wp-content\/uploads\/2025\/09\/01-womens-health.avif","datePublished":"2025-09-09T14:47:42+00:00","dateModified":"2025-09-10T15:13:41+00:00","description":"Especialidades m\u00e9dicas: salud de la mujer, oncolog\u00eda, cardiolog\u00eda, ortopedia, infarto, sala de operaciones y educaci\u00f3n m\u00e9dica.","breadcrumb":{"@id":"https:\/\/global-medica.com\/especialidades\/#breadcrumb"},"inLanguage":"en-US","potentialAction":[{"@type":"ReadAction","target":["https:\/\/global-medica.com\/especialidades\/"]}]},{"@type":"ImageObject","inLanguage":"en-US","@id":"https:\/\/global-medica.com\/especialidades\/#primaryimage","url":"https:\/\/global-medica.com\/wp-content\/uploads\/2025\/09\/01-womens-health.avif","contentUrl":"https:\/\/global-medica.com\/wp-content\/uploads\/2025\/09\/01-womens-health.avif"},{"@type":"BreadcrumbList","@id":"https:\/\/global-medica.com\/especialidades\/#breadcrumb","itemListElement":[{"@type":"ListItem","position":1,"name":"Home","item":"https:\/\/global-medica.com\/"},{"@type":"ListItem","position":2,"name":"Especialidades"}]},{"@type":"WebSite","@id":"https:\/\/global-medica.com\/#website","url":"https:\/\/global-medica.com\/","name":"Global Medica","description":"Global Medica","publisher":{"@id":"https:\/\/global-medica.com\/#organization"},"inLanguage":"en-US"},{"@type":"Organization","@id":"https:\/\/global-medica.com\/#organization","name":"Global Medica","url":"https:\/\/global-medica.com\/","logo":{"@type":"ImageObject","inLanguage":"en-US","@id":"https:\/\/global-medica.com\/#\/schema\/logo\/image\/","url":"https:\/\/global-medica.com\/wp-content\/uploads\/2024\/04\/global-logo.png","contentUrl":"https:\/\/global-medica.com\/wp-content\/uploads\/2024\/04\/global-logo.png","width":312,"height":84,"caption":"Global Medica"},"image":{"@id":"https:\/\/global-medica.com\/#\/schema\/logo\/image\/"},"sameAs":["https:\/\/www.facebook.com\/gmglobalmedica","https:\/\/www.instagram.com\/globalmedica\/","https:\/\/www.linkedin.com\/company\/67924728","https:\/\/www.youtube.com\/channel\/UCWT2KUVVms56vwB0N9r8qKQ\/"]}]}},"_links":{"self":[{"href":"https:\/\/global-medica.com\/en\/wp-json\/wp\/v2\/pages\/3337","targetHints":{"allow":["GET"]}}],"collection":[{"href":"https:\/\/global-medica.com\/en\/wp-json\/wp\/v2\/pages"}],"about":[{"href":"https:\/\/global-medica.com\/en\/wp-json\/wp\/v2\/types\/page"}],"author":[{"embeddable":true,"href":"https:\/\/global-medica.com\/en\/wp-json\/wp\/v2\/users\/1"}],"replies":[{"embeddable":true,"href":"https:\/\/global-medica.com\/en\/wp-json\/wp\/v2\/comments?post=3337"}],"version-history":[{"count":25,"href":"https:\/\/global-medica.com\/en\/wp-json\/wp\/v2\/pages\/3337\/revisions"}],"predecessor-version":[{"id":3841,"href":"https:\/\/global-medica.com\/en\/wp-json\/wp\/v2\/pages\/3337\/revisions\/3841"}],"wp:attachment":[{"href":"https:\/\/global-medica.com\/en\/wp-json\/wp\/v2\/media?parent=3337"}],"curies":[{"name":"wp","href":"https:\/\/api.w.org\/{rel}","templated":true}]}}