{"id":3231,"date":"2025-08-06T13:11:21","date_gmt":"2025-08-06T13:11:21","guid":{"rendered":"https:\/\/globalmedica.lemachi.de\/?page_id=3231"},"modified":"2025-09-09T14:44:37","modified_gmt":"2025-09-09T14:44:37","slug":"sala-de-prensa","status":"publish","type":"page","link":"https:\/\/global-medica.com\/en\/press-room\/","title":{"rendered":"Press Room"},"content":{"rendered":"<div data-elementor-type=\"wp-page\" data-elementor-id=\"3231\" class=\"elementor elementor-3231\" data-elementor-post-type=\"page\">\n\t\t\t\t<div class=\"elementor-element elementor-element-215d546 e-flex e-con-boxed e-con e-parent\" data-id=\"215d546\" data-element_type=\"container\" data-e-type=\"container\">\n\t\t\t\t\t<div class=\"e-con-inner\">\n\t\t\t\t<div class=\"elementor-element elementor-element-9c9a7b3 elementor-widget elementor-widget-heading\" data-id=\"9c9a7b3\" data-element_type=\"widget\" data-e-type=\"widget\" data-widget_type=\"heading.default\">\n\t\t\t\t<div class=\"elementor-widget-container\">\n\t\t\t\t\t<h1 class=\"elementor-heading-title elementor-size-default\">Press Room<\/h1>\t\t\t\t<\/div>\n\t\t\t\t<\/div>\n\t\t<div class=\"elementor-element elementor-element-4214245 e-con-full elementor-hidden-tablet elementor-hidden-mobile e-flex e-con e-child\" data-id=\"4214245\" data-element_type=\"container\" data-e-type=\"container\">\n\t\t<div class=\"elementor-element elementor-element-8e71669 e-con-full e-flex e-con e-child\" data-id=\"8e71669\" data-element_type=\"container\" data-e-type=\"container\">\n\t\t\t\t<div class=\"elementor-element elementor-element-b8cbfcb elementor-grid-1 elementor-grid-tablet-1 elementor-grid-mobile-1 elementor-posts--thumbnail-top elementor-widget elementor-widget-posts\" data-id=\"b8cbfcb\" data-element_type=\"widget\" data-e-type=\"widget\" data-settings=\"{&quot;classic_columns&quot;:&quot;1&quot;,&quot;classic_columns_tablet&quot;:&quot;1&quot;,&quot;classic_columns_mobile&quot;:&quot;1&quot;,&quot;classic_row_gap&quot;:{&quot;unit&quot;:&quot;px&quot;,&quot;size&quot;:35,&quot;sizes&quot;:[]},&quot;classic_row_gap_tablet&quot;:{&quot;unit&quot;:&quot;px&quot;,&quot;size&quot;:&quot;&quot;,&quot;sizes&quot;:[]},&quot;classic_row_gap_mobile&quot;:{&quot;unit&quot;:&quot;px&quot;,&quot;size&quot;:&quot;&quot;,&quot;sizes&quot;:[]}}\" data-widget_type=\"posts.classic\">\n\t\t\t\t<div class=\"elementor-widget-container\">\n\t\t\t\t\t\t\t<div class=\"elementor-posts-container elementor-posts elementor-posts--skin-classic elementor-grid\" role=\"list\">\n\t\t\t\t<article class=\"elementor-post elementor-grid-item post-3316 post type-post status-publish format-standard has-post-thumbnail hentry category-reconocimientos tag-ge-healthcare\" role=\"listitem\">\n\t\t\t\t<a class=\"elementor-post__thumbnail__link\" href=\"https:\/\/global-medica.com\/en\/ge-healthcare-premia-a-global-medica\/\" tabindex=\"-1\" >\n\t\t\t<div class=\"elementor-post__thumbnail\"><img fetchpriority=\"high\" decoding=\"async\" width=\"768\" height=\"768\" src=\"https:\/\/global-medica.com\/wp-content\/uploads\/2025\/08\/GE-premia-a-GM-768x768.jpg\" class=\"attachment-medium_large size-medium_large wp-image-3317\" alt=\"\" srcset=\"https:\/\/global-medica.com\/wp-content\/uploads\/2025\/08\/GE-premia-a-GM-768x768.jpg 768w, https:\/\/global-medica.com\/wp-content\/uploads\/2025\/08\/GE-premia-a-GM-300x300.jpg 300w, https:\/\/global-medica.com\/wp-content\/uploads\/2025\/08\/GE-premia-a-GM-1024x1024.jpg 1024w, https:\/\/global-medica.com\/wp-content\/uploads\/2025\/08\/GE-premia-a-GM-150x150.jpg 150w, https:\/\/global-medica.com\/wp-content\/uploads\/2025\/08\/GE-premia-a-GM-12x12.jpg 12w, https:\/\/global-medica.com\/wp-content\/uploads\/2025\/08\/GE-premia-a-GM-600x600.jpg 600w, https:\/\/global-medica.com\/wp-content\/uploads\/2025\/08\/GE-premia-a-GM-100x100.jpg 100w, https:\/\/global-medica.com\/wp-content\/uploads\/2025\/08\/GE-premia-a-GM.jpg 1080w\" sizes=\"(max-width: 768px) 100vw, 768px\" \/><\/div>\n\t\t<\/a>\n\t\t\t\t<div class=\"elementor-post__text\">\n\t\t\t\t<h2 class=\"elementor-post__title\">\n\t\t\t<a href=\"https:\/\/global-medica.com\/en\/ge-healthcare-premia-a-global-medica\/\" >\n\t\t\t\tGE HealthCare awards Global Medica\t\t\t<\/a>\n\t\t<\/h2>\n\t\t\t\t<div class=\"elementor-post__meta-data\">\n\t\t\t\t\t<span class=\"elementor-post-date\">\n\t\t\tAugust 15, 2025\t\t<\/span>\n\t\t\t\t<\/div>\n\t\t\n\t\t<a class=\"elementor-post__read-more\" href=\"https:\/\/global-medica.com\/en\/ge-healthcare-premia-a-global-medica\/\" aria-label=\"Read more about GE HealthCare premia a Global Medica\" tabindex=\"-1\" >\n\t\t\tRead more \u00bb\t\t<\/a>\n\n\t\t\t\t<\/div>\n\t\t\t\t<\/article>\n\t\t\t\t<\/div>\n\t\t\n\t\t\t\t\t\t<\/div>\n\t\t\t\t<\/div>\n\t\t\t\t<\/div>\n\t\t<div class=\"elementor-element elementor-element-7d5491a e-con-full e-flex e-con e-child\" data-id=\"7d5491a\" data-element_type=\"container\" data-e-type=\"container\">\n\t\t\t\t<div class=\"elementor-element elementor-element-2002bdb elementor-grid-1 elementor-grid-tablet-1 elementor-posts--thumbnail-left elementor-grid-mobile-1 elementor-widget elementor-widget-posts\" data-id=\"2002bdb\" data-element_type=\"widget\" data-e-type=\"widget\" data-settings=\"{&quot;classic_columns&quot;:&quot;1&quot;,&quot;classic_columns_tablet&quot;:&quot;1&quot;,&quot;classic_columns_mobile&quot;:&quot;1&quot;,&quot;classic_row_gap&quot;:{&quot;unit&quot;:&quot;px&quot;,&quot;size&quot;:35,&quot;sizes&quot;:[]},&quot;classic_row_gap_tablet&quot;:{&quot;unit&quot;:&quot;px&quot;,&quot;size&quot;:&quot;&quot;,&quot;sizes&quot;:[]},&quot;classic_row_gap_mobile&quot;:{&quot;unit&quot;:&quot;px&quot;,&quot;size&quot;:&quot;&quot;,&quot;sizes&quot;:[]}}\" data-widget_type=\"posts.classic\">\n\t\t\t\t<div class=\"elementor-widget-container\">\n\t\t\t\t\t\t\t<div class=\"elementor-posts-container elementor-posts elementor-posts--skin-classic elementor-grid\" role=\"list\">\n\t\t\t\t<article class=\"elementor-post elementor-grid-item post-3313 post type-post status-publish format-standard has-post-thumbnail hentry category-punto-cientifico tag-articulos-medicos tag-casos-clinicos tag-datos-tecnologicos\" role=\"listitem\">\n\t\t\t\t<a class=\"elementor-post__thumbnail__link\" href=\"https:\/\/global-medica.com\/en\/revolucion-en-la-angiotomografia-cardiaca-precision-y-velocidad-en-la-evaluacion-coronaria\/\" tabindex=\"-1\" >\n\t\t\t<div class=\"elementor-post__thumbnail\"><img decoding=\"async\" width=\"768\" height=\"395\" src=\"https:\/\/global-medica.com\/wp-content\/uploads\/2025\/08\/Portada-Punto-Cientifico-JPG-768x395.png\" class=\"attachment-medium_large size-medium_large wp-image-3314\" alt=\"\" srcset=\"https:\/\/global-medica.com\/wp-content\/uploads\/2025\/08\/Portada-Punto-Cientifico-JPG-768x395.png 768w, https:\/\/global-medica.com\/wp-content\/uploads\/2025\/08\/Portada-Punto-Cientifico-JPG-300x154.png 300w, https:\/\/global-medica.com\/wp-content\/uploads\/2025\/08\/Portada-Punto-Cientifico-JPG-18x9.png 18w, https:\/\/global-medica.com\/wp-content\/uploads\/2025\/08\/Portada-Punto-Cientifico-JPG-600x308.png 600w, https:\/\/global-medica.com\/wp-content\/uploads\/2025\/08\/Portada-Punto-Cientifico-JPG.png 1024w\" sizes=\"(max-width: 768px) 100vw, 768px\" \/><\/div>\n\t\t<\/a>\n\t\t\t\t<div class=\"elementor-post__text\">\n\t\t\t\t<h2 class=\"elementor-post__title\">\n\t\t\t<a href=\"https:\/\/global-medica.com\/en\/revolucion-en-la-angiotomografia-cardiaca-precision-y-velocidad-en-la-evaluacion-coronaria\/\" >\n\t\t\t\tRevolution in the Angiography Heart: Accuracy and Speed in the Assessment of Coronary heart\t\t\t<\/a>\n\t\t<\/h2>\n\t\t\t\t<div class=\"elementor-post__meta-data\">\n\t\t\t\t\t<span class=\"elementor-post-date\">\n\t\t\tAugust 15, 2025\t\t<\/span>\n\t\t\t\t<\/div>\n\t\t\n\t\t<a class=\"elementor-post__read-more\" href=\"https:\/\/global-medica.com\/en\/revolucion-en-la-angiotomografia-cardiaca-precision-y-velocidad-en-la-evaluacion-coronaria\/\" aria-label=\"Read more about Revoluci\u00f3n en la Angiotomograf\u00eda Card\u00edaca: Precisi\u00f3n y Velocidad en la Evaluaci\u00f3n Coronaria\" tabindex=\"-1\" >\n\t\t\tRead more \u00bb\t\t<\/a>\n\n\t\t\t\t<\/div>\n\t\t\t\t<\/article>\n\t\t\t\t<\/div>\n\t\t\n\t\t\t\t\t\t<\/div>\n\t\t\t\t<\/div>\n\t\t\t\t<\/div>\n\t\t\t\t<\/div>\n\t\t\t\t<div class=\"elementor-element elementor-element-9788aae elementor-grid-2 elementor-hidden-desktop elementor-grid-tablet-2 elementor-grid-mobile-1 elementor-posts--thumbnail-top elementor-widget elementor-widget-posts\" data-id=\"9788aae\" data-element_type=\"widget\" data-e-type=\"widget\" data-settings=\"{&quot;classic_columns&quot;:&quot;2&quot;,&quot;classic_row_gap&quot;:{&quot;unit&quot;:&quot;px&quot;,&quot;size&quot;:30,&quot;sizes&quot;:[]},&quot;classic_columns_tablet&quot;:&quot;2&quot;,&quot;classic_columns_mobile&quot;:&quot;1&quot;,&quot;classic_row_gap_tablet&quot;:{&quot;unit&quot;:&quot;px&quot;,&quot;size&quot;:&quot;&quot;,&quot;sizes&quot;:[]},&quot;classic_row_gap_mobile&quot;:{&quot;unit&quot;:&quot;px&quot;,&quot;size&quot;:&quot;&quot;,&quot;sizes&quot;:[]}}\" data-widget_type=\"posts.classic\">\n\t\t\t\t<div class=\"elementor-widget-container\">\n\t\t\t\t\t\t\t<div class=\"elementor-posts-container elementor-posts elementor-posts--skin-classic elementor-grid\" role=\"list\">\n\t\t\t\t<article class=\"elementor-post elementor-grid-item post-3316 post type-post status-publish format-standard has-post-thumbnail hentry category-reconocimientos tag-ge-healthcare\" role=\"listitem\">\n\t\t\t\t<a class=\"elementor-post__thumbnail__link\" href=\"https:\/\/global-medica.com\/en\/ge-healthcare-premia-a-global-medica\/\" tabindex=\"-1\" >\n\t\t\t<div class=\"elementor-post__thumbnail\"><img fetchpriority=\"high\" decoding=\"async\" width=\"768\" height=\"768\" src=\"https:\/\/global-medica.com\/wp-content\/uploads\/2025\/08\/GE-premia-a-GM-768x768.jpg\" class=\"attachment-medium_large size-medium_large wp-image-3317\" alt=\"\" srcset=\"https:\/\/global-medica.com\/wp-content\/uploads\/2025\/08\/GE-premia-a-GM-768x768.jpg 768w, https:\/\/global-medica.com\/wp-content\/uploads\/2025\/08\/GE-premia-a-GM-300x300.jpg 300w, https:\/\/global-medica.com\/wp-content\/uploads\/2025\/08\/GE-premia-a-GM-1024x1024.jpg 1024w, https:\/\/global-medica.com\/wp-content\/uploads\/2025\/08\/GE-premia-a-GM-150x150.jpg 150w, https:\/\/global-medica.com\/wp-content\/uploads\/2025\/08\/GE-premia-a-GM-12x12.jpg 12w, https:\/\/global-medica.com\/wp-content\/uploads\/2025\/08\/GE-premia-a-GM-600x600.jpg 600w, https:\/\/global-medica.com\/wp-content\/uploads\/2025\/08\/GE-premia-a-GM-100x100.jpg 100w, https:\/\/global-medica.com\/wp-content\/uploads\/2025\/08\/GE-premia-a-GM.jpg 1080w\" sizes=\"(max-width: 768px) 100vw, 768px\" \/><\/div>\n\t\t<\/a>\n\t\t\t\t<div class=\"elementor-post__text\">\n\t\t\t\t<h2 class=\"elementor-post__title\">\n\t\t\t<a href=\"https:\/\/global-medica.com\/en\/ge-healthcare-premia-a-global-medica\/\" >\n\t\t\t\tGE HealthCare awards Global Medica\t\t\t<\/a>\n\t\t<\/h2>\n\t\t\t\t<div class=\"elementor-post__meta-data\">\n\t\t\t\t\t<span class=\"elementor-post-date\">\n\t\t\tAugust 15, 2025\t\t<\/span>\n\t\t\t\t<\/div>\n\t\t\n\t\t<a class=\"elementor-post__read-more\" href=\"https:\/\/global-medica.com\/en\/ge-healthcare-premia-a-global-medica\/\" aria-label=\"Read more about GE HealthCare premia a Global Medica\" tabindex=\"-1\" >\n\t\t\tRead more \u00bb\t\t<\/a>\n\n\t\t\t\t<\/div>\n\t\t\t\t<\/article>\n\t\t\t\t<article class=\"elementor-post elementor-grid-item post-3313 post type-post status-publish format-standard has-post-thumbnail hentry category-punto-cientifico tag-articulos-medicos tag-casos-clinicos tag-datos-tecnologicos\" role=\"listitem\">\n\t\t\t\t<a class=\"elementor-post__thumbnail__link\" href=\"https:\/\/global-medica.com\/en\/revolucion-en-la-angiotomografia-cardiaca-precision-y-velocidad-en-la-evaluacion-coronaria\/\" tabindex=\"-1\" >\n\t\t\t<div class=\"elementor-post__thumbnail\"><img decoding=\"async\" width=\"768\" height=\"395\" src=\"https:\/\/global-medica.com\/wp-content\/uploads\/2025\/08\/Portada-Punto-Cientifico-JPG-768x395.png\" class=\"attachment-medium_large size-medium_large wp-image-3314\" alt=\"\" srcset=\"https:\/\/global-medica.com\/wp-content\/uploads\/2025\/08\/Portada-Punto-Cientifico-JPG-768x395.png 768w, https:\/\/global-medica.com\/wp-content\/uploads\/2025\/08\/Portada-Punto-Cientifico-JPG-300x154.png 300w, https:\/\/global-medica.com\/wp-content\/uploads\/2025\/08\/Portada-Punto-Cientifico-JPG-18x9.png 18w, https:\/\/global-medica.com\/wp-content\/uploads\/2025\/08\/Portada-Punto-Cientifico-JPG-600x308.png 600w, https:\/\/global-medica.com\/wp-content\/uploads\/2025\/08\/Portada-Punto-Cientifico-JPG.png 1024w\" sizes=\"(max-width: 768px) 100vw, 768px\" \/><\/div>\n\t\t<\/a>\n\t\t\t\t<div class=\"elementor-post__text\">\n\t\t\t\t<h2 class=\"elementor-post__title\">\n\t\t\t<a href=\"https:\/\/global-medica.com\/en\/revolucion-en-la-angiotomografia-cardiaca-precision-y-velocidad-en-la-evaluacion-coronaria\/\" >\n\t\t\t\tRevolution in the Angiography Heart: Accuracy and Speed in the Assessment of Coronary heart\t\t\t<\/a>\n\t\t<\/h2>\n\t\t\t\t<div class=\"elementor-post__meta-data\">\n\t\t\t\t\t<span class=\"elementor-post-date\">\n\t\t\tAugust 15, 2025\t\t<\/span>\n\t\t\t\t<\/div>\n\t\t\n\t\t<a class=\"elementor-post__read-more\" href=\"https:\/\/global-medica.com\/en\/revolucion-en-la-angiotomografia-cardiaca-precision-y-velocidad-en-la-evaluacion-coronaria\/\" aria-label=\"Read more about Revoluci\u00f3n en la Angiotomograf\u00eda Card\u00edaca: Precisi\u00f3n y Velocidad en la Evaluaci\u00f3n Coronaria\" tabindex=\"-1\" >\n\t\t\tRead more \u00bb\t\t<\/a>\n\n\t\t\t\t<\/div>\n\t\t\t\t<\/article>\n\t\t\t\t<\/div>\n\t\t\n\t\t\t\t\t\t<\/div>\n\t\t\t\t<\/div>\n\t\t\t\t\t<\/div>\n\t\t\t\t<\/div>\n\t\t\t\t<\/div>","protected":false},"excerpt":{"rendered":"<p>Press Room<\/p>","protected":false},"author":1,"featured_media":0,"parent":0,"menu_order":9,"comment_status":"closed","ping_status":"closed","template":"","meta":{"footnotes":""},"class_list":["post-3231","page","type-page","status-publish","hentry"],"yoast_head":"<!-- This site is optimized with the Yoast SEO plugin v27.3 - https:\/\/yoast.com\/product\/yoast-seo-wordpress\/ -->\n<title>Press Room - Global Medica - Global M\u00e9dica DR<\/title>\n<meta name=\"description\" content=\"Noticias de Global Medica\" \/>\n<meta name=\"robots\" content=\"index, follow, max-snippet:-1, max-image-preview:large, max-video-preview:-1\" \/>\n<link rel=\"canonical\" href=\"https:\/\/global-medica.com\/en\/sala-de-prensa\/\" \/>\n<meta property=\"og:locale\" content=\"en_US\" \/>\n<meta property=\"og:type\" content=\"article\" \/>\n<meta property=\"og:title\" content=\"Press Room - Global Medica - Global M\u00e9dica DR\" \/>\n<meta property=\"og:description\" content=\"Noticias de Global Medica\" \/>\n<meta property=\"og:url\" content=\"https:\/\/global-medica.com\/en\/sala-de-prensa\/\" \/>\n<meta property=\"og:site_name\" content=\"Global Medica\" \/>\n<meta property=\"article:publisher\" content=\"https:\/\/www.facebook.com\/gmglobalmedica\" \/>\n<meta property=\"article:modified_time\" content=\"2025-09-09T14:44:37+00:00\" \/>\n<meta property=\"og:image\" content=\"https:\/\/global-medica.com\/wp-content\/uploads\/2024\/01\/GLOBALMED-LOGO.webp\" \/>\n\t<meta property=\"og:image:width\" content=\"325\" \/>\n\t<meta property=\"og:image:height\" content=\"111\" \/>\n\t<meta property=\"og:image:type\" content=\"image\/webp\" \/>\n<meta name=\"twitter:card\" content=\"summary_large_image\" \/>\n<script type=\"application\/ld+json\" class=\"yoast-schema-graph\">{\"@context\":\"https:\\\/\\\/schema.org\",\"@graph\":[{\"@type\":\"WebPage\",\"@id\":\"https:\\\/\\\/global-medica.com\\\/sala-de-prensa\\\/\",\"url\":\"https:\\\/\\\/global-medica.com\\\/sala-de-prensa\\\/\",\"name\":\"Sala de Prensa\",\"isPartOf\":{\"@id\":\"https:\\\/\\\/global-medica.com\\\/#website\"},\"datePublished\":\"2025-08-06T13:11:21+00:00\",\"dateModified\":\"2025-09-09T14:44:37+00:00\",\"description\":\"Noticias de Global Medica\",\"breadcrumb\":{\"@id\":\"https:\\\/\\\/global-medica.com\\\/sala-de-prensa\\\/#breadcrumb\"},\"inLanguage\":\"en-US\",\"potentialAction\":[{\"@type\":\"ReadAction\",\"target\":[\"https:\\\/\\\/global-medica.com\\\/sala-de-prensa\\\/\"]}]},{\"@type\":\"BreadcrumbList\",\"@id\":\"https:\\\/\\\/global-medica.com\\\/sala-de-prensa\\\/#breadcrumb\",\"itemListElement\":[{\"@type\":\"ListItem\",\"position\":1,\"name\":\"Home\",\"item\":\"https:\\\/\\\/global-medica.com\\\/\"},{\"@type\":\"ListItem\",\"position\":2,\"name\":\"Sala de Prensa\"}]},{\"@type\":\"WebSite\",\"@id\":\"https:\\\/\\\/global-medica.com\\\/#website\",\"url\":\"https:\\\/\\\/global-medica.com\\\/\",\"name\":\"Global Medica\",\"description\":\"Global Medica\",\"publisher\":{\"@id\":\"https:\\\/\\\/global-medica.com\\\/#organization\"},\"inLanguage\":\"en-US\"},{\"@type\":\"Organization\",\"@id\":\"https:\\\/\\\/global-medica.com\\\/#organization\",\"name\":\"Global Medica\",\"url\":\"https:\\\/\\\/global-medica.com\\\/\",\"logo\":{\"@type\":\"ImageObject\",\"inLanguage\":\"en-US\",\"@id\":\"https:\\\/\\\/global-medica.com\\\/#\\\/schema\\\/logo\\\/image\\\/\",\"url\":\"https:\\\/\\\/global-medica.com\\\/wp-content\\\/uploads\\\/2024\\\/04\\\/global-logo.png\",\"contentUrl\":\"https:\\\/\\\/global-medica.com\\\/wp-content\\\/uploads\\\/2024\\\/04\\\/global-logo.png\",\"width\":312,\"height\":84,\"caption\":\"Global Medica\"},\"image\":{\"@id\":\"https:\\\/\\\/global-medica.com\\\/#\\\/schema\\\/logo\\\/image\\\/\"},\"sameAs\":[\"https:\\\/\\\/www.facebook.com\\\/gmglobalmedica\",\"https:\\\/\\\/www.instagram.com\\\/globalmedica\\\/\",\"https:\\\/\\\/www.linkedin.com\\\/company\\\/67924728\",\"https:\\\/\\\/www.youtube.com\\\/channel\\\/UCWT2KUVVms56vwB0N9r8qKQ\\\/\"]}]}<\/script>\n<!-- \/ Yoast SEO plugin. -->","yoast_head_json":{"title":"Press Room - Global Medica - Global M\u00e9dica DR","description":"Noticias de Global Medica","robots":{"index":"index","follow":"follow","max-snippet":"max-snippet:-1","max-image-preview":"max-image-preview:large","max-video-preview":"max-video-preview:-1"},"canonical":"https:\/\/global-medica.com\/en\/sala-de-prensa\/","og_locale":"en_US","og_type":"article","og_title":"Press Room - Global Medica - Global M\u00e9dica DR","og_description":"Noticias de Global Medica","og_url":"https:\/\/global-medica.com\/en\/sala-de-prensa\/","og_site_name":"Global Medica","article_publisher":"https:\/\/www.facebook.com\/gmglobalmedica","article_modified_time":"2025-09-09T14:44:37+00:00","og_image":[{"width":325,"height":111,"url":"https:\/\/global-medica.com\/wp-content\/uploads\/2024\/01\/GLOBALMED-LOGO.webp","type":"image\/webp"}],"twitter_card":"summary_large_image","schema":{"@context":"https:\/\/schema.org","@graph":[{"@type":"WebPage","@id":"https:\/\/global-medica.com\/sala-de-prensa\/","url":"https:\/\/global-medica.com\/sala-de-prensa\/","name":"Press Room","isPartOf":{"@id":"https:\/\/global-medica.com\/#website"},"datePublished":"2025-08-06T13:11:21+00:00","dateModified":"2025-09-09T14:44:37+00:00","description":"Noticias de Global Medica","breadcrumb":{"@id":"https:\/\/global-medica.com\/sala-de-prensa\/#breadcrumb"},"inLanguage":"en-US","potentialAction":[{"@type":"ReadAction","target":["https:\/\/global-medica.com\/sala-de-prensa\/"]}]},{"@type":"BreadcrumbList","@id":"https:\/\/global-medica.com\/sala-de-prensa\/#breadcrumb","itemListElement":[{"@type":"ListItem","position":1,"name":"Home","item":"https:\/\/global-medica.com\/"},{"@type":"ListItem","position":2,"name":"Sala de Prensa"}]},{"@type":"WebSite","@id":"https:\/\/global-medica.com\/#website","url":"https:\/\/global-medica.com\/","name":"Global Medica","description":"Global Medica","publisher":{"@id":"https:\/\/global-medica.com\/#organization"},"inLanguage":"en-US"},{"@type":"Organization","@id":"https:\/\/global-medica.com\/#organization","name":"Global Medica","url":"https:\/\/global-medica.com\/","logo":{"@type":"ImageObject","inLanguage":"en-US","@id":"https:\/\/global-medica.com\/#\/schema\/logo\/image\/","url":"https:\/\/global-medica.com\/wp-content\/uploads\/2024\/04\/global-logo.png","contentUrl":"https:\/\/global-medica.com\/wp-content\/uploads\/2024\/04\/global-logo.png","width":312,"height":84,"caption":"Global Medica"},"image":{"@id":"https:\/\/global-medica.com\/#\/schema\/logo\/image\/"},"sameAs":["https:\/\/www.facebook.com\/gmglobalmedica","https:\/\/www.instagram.com\/globalmedica\/","https:\/\/www.linkedin.com\/company\/67924728","https:\/\/www.youtube.com\/channel\/UCWT2KUVVms56vwB0N9r8qKQ\/"]}]}},"_links":{"self":[{"href":"https:\/\/global-medica.com\/en\/wp-json\/wp\/v2\/pages\/3231","targetHints":{"allow":["GET"]}}],"collection":[{"href":"https:\/\/global-medica.com\/en\/wp-json\/wp\/v2\/pages"}],"about":[{"href":"https:\/\/global-medica.com\/en\/wp-json\/wp\/v2\/types\/page"}],"author":[{"embeddable":true,"href":"https:\/\/global-medica.com\/en\/wp-json\/wp\/v2\/users\/1"}],"replies":[{"embeddable":true,"href":"https:\/\/global-medica.com\/en\/wp-json\/wp\/v2\/comments?post=3231"}],"version-history":[{"count":19,"href":"https:\/\/global-medica.com\/en\/wp-json\/wp\/v2\/pages\/3231\/revisions"}],"predecessor-version":[{"id":3291,"href":"https:\/\/global-medica.com\/en\/wp-json\/wp\/v2\/pages\/3231\/revisions\/3291"}],"wp:attachment":[{"href":"https:\/\/global-medica.com\/en\/wp-json\/wp\/v2\/media?parent=3231"}],"curies":[{"name":"wp","href":"https:\/\/api.w.org\/{rel}","templated":true}]}}